{"id":5102,"date":"2020-12-14T12:44:35","date_gmt":"2020-12-14T10:44:35","guid":{"rendered":"https:\/\/adrinaresort.com\/skopelos-hotels-reservations-f-a-q\/"},"modified":"2021-02-07T13:14:02","modified_gmt":"2021-02-07T11:14:02","slug":"skopelos-hotell-bokningar-vanliga-fragor","status":"publish","type":"page","link":"https:\/\/adrinaresort.com\/sv\/skopelos-hotell-bokningar-vanliga-fragor\/","title":{"rendered":"BOKNINGAR \u2013 VANLIGA FR\u00c5GOR"},"content":{"rendered":"<p>[vc_row][vc_column]\n\t\t\t<!-- START RESERVATIONS  F.A.Q. REVOLUTION SLIDER 6.2.23 --><p class=\"rs-p-wp-fix\"><\/p>\n\t\t\t<rs-module-wrap id=\"rev_slider_36_1_wrapper\" data-source=\"gallery\" style=\"background:transparent;padding:0;margin:0px auto;margin-top:0;margin-bottom:0;\">\n\t\t\t\t<rs-module id=\"rev_slider_36_1\" style=\"\" data-version=\"6.2.23\">\n\t\t\t\t\t<rs-slides>\n\t\t\t\t\t\t<rs-slide data-key=\"rs-197\" data-thumb=\"\/\/adrinaresort.com\/wp-content\/uploads\/facilities\/reservation_faq\/skopelos-hotels-adrina-hotels-20-100x50.jpg\" data-anim=\"ei:d;eo:d;s:800;r:0;t:fade;sl:d;\">\n\t\t\t\t\t\t\t<img src=\"\/\/adrinaresort.com\/wp-content\/uploads\/facilities\/reservation_faq\/skopelos-hotels-adrina-hotels-20.jpg\" alt=\"skopelos hotels adrina hotels 20\" title=\"skopelos hotels adrina hotels 20\" width=\"755\" height=\"500\" data-parallax=\"8\" class=\"rev-slidebg\" data-no-retina>\n<!---->\t\t\t\t\t\t<\/rs-slide>\n\t\t\t\t\t\t<rs-slide data-key=\"rs-196\" data-thumb=\"\/\/adrinaresort.com\/wp-content\/uploads\/facilities\/reservation_faq\/skopelos-hotels-adrina-resort-5-100x50.jpg\" data-anim=\"ei:d;eo:d;s:800;r:0;t:fade;sl:d;\">\n\t\t\t\t\t\t\t<img src=\"\/\/adrinaresort.com\/wp-content\/uploads\/facilities\/reservation_faq\/skopelos-hotels-adrina-resort-5.jpg\" alt=\"skopelos hotels adrina resort 5\" title=\"skopelos hotels adrina resort 5\" width=\"1960\" height=\"1303\" data-parallax=\"8\" class=\"rev-slidebg\" data-no-retina>\n<!---->\t\t\t\t\t\t<\/rs-slide>\n\t\t\t\t\t\t<rs-slide data-key=\"rs-177\" data-thumb=\"\/\/adrinaresort.com\/wp-content\/uploads\/facilities\/reservation_faq\/skopelos-hotels-adrina-resort-7-100x50.jpg\" data-anim=\"ei:d;eo:d;s:800;r:0;t:fade;sl:d;\">\n\t\t\t\t\t\t\t<img src=\"\/\/adrinaresort.com\/wp-content\/uploads\/facilities\/reservation_faq\/skopelos-hotels-adrina-resort-7.jpg\" alt=\"skopelos hotels adrina resort 7\" title=\"skopelos hotels adrina resort 7\" width=\"1920\" height=\"1071\" data-parallax=\"8\" class=\"rev-slidebg\" data-no-retina>\n<!---->\t\t\t\t\t\t<\/rs-slide>\n\t\t\t\t\t<\/rs-slides>\n\t\t\t\t\t<rs-static-layers><!--\n\n\t\t\t\t\t\t\t--><rs-layer\n\t\t\t\t\t\t\t\tid=\"slider-36-slide-33-layer-1\" \n\t\t\t\t\t\t\t\tclass=\"rev-scroll-btn rev-b-span-light rs-selectable rs-layer-static\"\n\t\t\t\t\t\t\t\tdata-type=\"button\"\n\t\t\t\t\t\t\t\tdata-xy=\"x:c;yo:691px,661px,870px,602px;\"\n\t\t\t\t\t\t\t\tdata-text=\"w:normal;s:17,14,10,9;l:20,16,12,10;ls:1,0,0,0;\"\n\t\t\t\t\t\t\t\tdata-dim=\"w:35px,28px,21px,15px;h:55px,45px,34px,28px;minw:35px,none,none,none;minh:55px,none,none,none;\"\n\t\t\t\t\t\t\t\tdata-actions='o:click;a:scrollbelow;sp:1000ms;e:power1.inOut;'\n\t\t\t\t\t\t\t\tdata-rsp_bd=\"off\"\n\t\t\t\t\t\t\t\tdata-onslides=\"s:1;\"\n\t\t\t\t\t\t\t\tdata-padding=\"t:22,18,14,13;r:14,12,9,9;b:22,18,14,13;l:14,12,9,9;\"\n\t\t\t\t\t\t\t\tdata-border=\"bos:solid;boc:rgba(255,255,255,0.75);bow:3px,3px,3px,3px;bor:23px,23px,23px,23px;\"\n\t\t\t\t\t\t\t\tdata-frame_0=\"x:0,0,0,0px;y:0,0,0,0px;\"\n\t\t\t\t\t\t\t\tdata-frame_1=\"x:0,0,0,0px;y:0,0,0,0px;\"\n\t\t\t\t\t\t\t\tdata-frame_999=\"o:0;st:w;\"\n\t\t\t\t\t\t\t\tstyle=\"z-index:5;font-family:Roboto;text-transform:uppercase;\"\n\t\t\t\t\t\t\t><span><\/span><span><\/span><span><\/span> \n\t\t\t\t\t\t\t<\/rs-layer><!--\n\t\t\t\t\t--><\/rs-static-layers>\n\t\t\t\t<\/rs-module>\n\t\t\t\t<script type=\"text\/javascript\">\n\t\t\t\t\tsetREVStartSize({c: 'rev_slider_36_1',rl:[1240,1024,778,480],el:[800,768,960,720],gw:[1240,1024,778,480],gh:[800,768,960,720],type:'standard',justify:'',layout:'fullwidth',mh:\"0\"});\n\t\t\t\t\tvar\trevapi36,\n\t\t\t\t\t\ttpj;\n\t\t\t\t\tfunction revinit_revslider361() {\n\t\t\t\t\tjQuery(function() {\n\t\t\t\t\t\ttpj = jQuery;\n\t\t\t\t\t\trevapi36 = tpj(\"#rev_slider_36_1\");\n\t\t\t\t\t\tif(revapi36==undefined || revapi36.revolution == undefined){\n\t\t\t\t\t\t\trevslider_showDoubleJqueryError(\"rev_slider_36_1\");\n\t\t\t\t\t\t}else{\n\t\t\t\t\t\t\trevapi36.revolution({\n\t\t\t\t\t\t\t\tsliderLayout:\"fullwidth\",\n\t\t\t\t\t\t\t\tvisibilityLevels:\"1240,1024,778,480\",\n\t\t\t\t\t\t\t\tgridwidth:\"1240,1024,778,480\",\n\t\t\t\t\t\t\t\tgridheight:\"800,768,960,720\",\n\t\t\t\t\t\t\t\tspinner:\"spinner3\",\n\t\t\t\t\t\t\t\tperspective:600,\n\t\t\t\t\t\t\t\tperspectiveType:\"local\",\n\t\t\t\t\t\t\t\teditorheight:\"800,768,960,720\",\n\t\t\t\t\t\t\t\tresponsiveLevels:\"1240,1024,778,480\",\n\t\t\t\t\t\t\t\tprogressBar:{disableProgressBar:true},\n\t\t\t\t\t\t\t\tnavigation: {\n\t\t\t\t\t\t\t\t\tkeyboardNavigation:true,\n\t\t\t\t\t\t\t\t\tonHoverStop:false,\n\t\t\t\t\t\t\t\t\ttouch: {\n\t\t\t\t\t\t\t\t\t\ttouchenabled:true,\n\t\t\t\t\t\t\t\t\t\ttouchOnDesktop:true\n\t\t\t\t\t\t\t\t\t},\n\t\t\t\t\t\t\t\t\tarrows: {\n\t\t\t\t\t\t\t\t\t\tenable:true,\n\t\t\t\t\t\t\t\t\t\tstyle:\"uranus\",\n\t\t\t\t\t\t\t\t\t\tleft: {\n\n\t\t\t\t\t\t\t\t\t\t},\n\t\t\t\t\t\t\t\t\t\tright: {\n\n\t\t\t\t\t\t\t\t\t\t}\n\t\t\t\t\t\t\t\t\t},\n\t\t\t\t\t\t\t\t\tbullets: {\n\t\t\t\t\t\t\t\t\t\tenable:true,\n\t\t\t\t\t\t\t\t\t\ttmp:\"\",\n\t\t\t\t\t\t\t\t\t\tstyle:\"bullet-bar\",\n\t\t\t\t\t\t\t\t\t\tv_offset:30\n\t\t\t\t\t\t\t\t\t}\n\t\t\t\t\t\t\t\t},\n\t\t\t\t\t\t\t\tparallax: {\n\t\t\t\t\t\t\t\t\tlevels:[5,10,15,20,25,30,35,40,45,46,47,48,49,50,51,55],\n\t\t\t\t\t\t\t\t\ttype:\"scroll\",\n\t\t\t\t\t\t\t\t\torigo:\"slidercenter\"\n\t\t\t\t\t\t\t\t},\n\t\t\t\t\t\t\t\tfallbacks: {\n\t\t\t\t\t\t\t\t\tallowHTML5AutoPlayOnAndroid:true\n\t\t\t\t\t\t\t\t},\n\t\t\t\t\t\t\t});\n\t\t\t\t\t\t\tvar ua = window.navigator.userAgent;\nvar msie = ua.indexOf(\"MSIE \");\n\nif(msie > 0 || !!navigator.userAgent.match(\/Trident.*rv\\:11\\.\/) || ('CSS' in window && 'supports' in window.CSS && !window.CSS.supports('mix-blend-mode', 'screen'))) {\n \n var bgColor = 'rgba(245, 245, 245, 0.5)';\n \/\/jQuery('.rev_slider .rs-layer[data-blendmode]').removeAttr('data-blendmode').css('background', bgColor);\n jQuery('.rev_slider .rs-layer[data-blendmode]').remove();\n}\n\t\t\t\t\t\t}\n\t\t\t\t\t\t\n\t\t\t\t\t});\n\t\t\t\t\t} \/\/ End of RevInitScript\n\t\t\t\tvar once_revslider361 = false;\n\t\t\t\tif (document.readyState === \"loading\") {document.addEventListener('readystatechange',function() { if((document.readyState === \"interactive\" || document.readyState === \"complete\") && !once_revslider361 ) { once_revslider361 = true; revinit_revslider361();}});} else {once_revslider361 = true; revinit_revslider361();}\n\t\t\t\t<\/script>\n\t\t\t\t<script>\n\t\t\t\t\tvar htmlDivCss = '\t#rev_slider_36_1_wrapper rs-loader.spinner3 div { background-color: #FFFFFF !important; } ';\n\t\t\t\t\tvar htmlDiv = document.getElementById('rs-plugin-settings-inline-css');\n\t\t\t\t\tif(htmlDiv) {\n\t\t\t\t\t\thtmlDiv.innerHTML = htmlDiv.innerHTML + htmlDivCss;\n\t\t\t\t\t}else{\n\t\t\t\t\t\tvar htmlDiv = document.createElement('div');\n\t\t\t\t\t\thtmlDiv.innerHTML = '<style>' + htmlDivCss + '<\/style>';\n\t\t\t\t\t\tdocument.getElementsByTagName('head')[0].appendChild(htmlDiv.childNodes[0]);\n\t\t\t\t\t}\n\t\t\t\t<\/script>\n\t\t\t\t<script>\n\t\t\t\t\tvar htmlDivCss = unescape(\"%23rev_slider_36_1_wrapper%20.uranus.tparrows%20%7B%0A%20%20width%3A50px%3B%0A%20%20height%3A50px%3B%0A%20%20background%3Argba%28255%2C255%2C255%2C0%29%3B%0A%20%7D%0A%20%23rev_slider_36_1_wrapper%20.uranus.tparrows%3Abefore%20%7B%0A%20width%3A50px%3B%0A%20height%3A50px%3B%0A%20line-height%3A50px%3B%0A%20font-size%3A40px%3B%0A%20transition%3Aall%200.3s%3B%0A-webkit-transition%3Aall%200.3s%3B%0A%20%7D%0A%20%0A%20%20%23rev_slider_36_1_wrapper%20.uranus.tparrows%3Ahover%3Abefore%20%7B%0A%20%20%20%20opacity%3A0.75%3B%0A%20%20%7D%0A.bullet-bar.tp-bullets%20%7B%0A%7D%0A.bullet-bar.tp-bullets%3Abefore%20%7B%0A%09content%3A%22%20%22%3B%0A%09position%3Aabsolute%3B%0A%09width%3A100%25%3B%0A%09height%3A100%25%3B%0A%09background%3Atransparent%3B%0A%09padding%3A10px%3B%0A%09margin-left%3A-10px%3Bmargin-top%3A-10px%3B%0A%09box-sizing%3Acontent-box%3B%0A%7D%0A.bullet-bar%20.tp-bullet%20%7B%0A%09width%3A60px%3B%0A%09height%3A3px%3B%0A%09position%3Aabsolute%3B%0A%09background%3A%23aaa%3B%0A%20%20%20%20background%3Argba%28204%2C204%2C204%2C0.5%29%3B%0A%09cursor%3A%20pointer%3B%0A%09box-sizing%3Acontent-box%3B%0A%7D%0A.bullet-bar%20.tp-bullet%3Ahover%2C%0A.bullet-bar%20.tp-bullet.selected%20%7B%0A%09%20background%3Argba%28204%2C204%2C204%2C1%29%3B%0A%7D%0A.bullet-bar%20.tp-bullet-image%20%7B%0A%7D%0A.bullet-bar%20.tp-bullet-title%20%7B%0A%7D%0A%0A\");\n\t\t\t\t\tvar htmlDiv = document.getElementById('rs-plugin-settings-inline-css');\n\t\t\t\t\tif(htmlDiv) {\n\t\t\t\t\t\thtmlDiv.innerHTML = htmlDiv.innerHTML + htmlDivCss;\n\t\t\t\t\t}else{\n\t\t\t\t\t\tvar htmlDiv = document.createElement('div');\n\t\t\t\t\t\thtmlDiv.innerHTML = '<style>' + htmlDivCss + '<\/style>';\n\t\t\t\t\t\tdocument.getElementsByTagName('head')[0].appendChild(htmlDiv.childNodes[0]);\n\t\t\t\t\t}\n\t\t\t\t<\/script>\n\t\t\t\t<script>\n\t\t\t\t\tvar htmlDivCss = unescape(\"%0A%0A%0A%0A%0A%0A\");\n\t\t\t\t\tvar htmlDiv = document.getElementById('rs-plugin-settings-inline-css');\n\t\t\t\t\tif(htmlDiv) {\n\t\t\t\t\t\thtmlDiv.innerHTML = htmlDiv.innerHTML + htmlDivCss;\n\t\t\t\t\t}else{\n\t\t\t\t\t\tvar htmlDiv = document.createElement('div');\n\t\t\t\t\t\thtmlDiv.innerHTML = '<style>' + htmlDivCss + '<\/style>';\n\t\t\t\t\t\tdocument.getElementsByTagName('head')[0].appendChild(htmlDiv.childNodes[0]);\n\t\t\t\t\t}\n\t\t\t\t<\/script>\n\t\t\t<\/rs-module-wrap>\n\t\t\t<!-- END REVOLUTION SLIDER -->\n<div style=\"background-color:;height: 25px\" class=\"nicdark_section  \"><\/div>[\/vc_column][\/vc_row][vc_row css_animation=&#8221;fadeInUp&#8221;][vc_column width=&#8221;2\/3&#8243;][vc_row_inner][vc_column_inner][vc_column_text]<\/p>\n<h1><strong>VANLIGA FR\u00c5GOR<\/strong><\/h1>\n<div class=\"gtx-trans-icon\"><\/div>\n<p>[\/vc_column_text]<div style=\"background-color:;height: 25px\" class=\"nicdark_section  \"><\/div>[vc_column_text]<strong>:: Bokningar \u2013 Vanliga Fr\u00e5gor ::<\/strong>[\/vc_column_text][\/vc_column_inner][\/vc_row_inner][vc_row_inner][vc_column_inner css=&#8221;.vc_custom_1607330987558{padding-top: 30px !important;padding-right: 30px !important;padding-bottom: 15px !important;padding-left: 30px !important;background-color: #ffffff !important;}&#8221; offset=&#8221;vc_col-xs-12&#8243;][vc_column_text el_class=&#8221;hotel-text&#8221;]<strong>1. N\u00e4r hotellet \u00f6ppnar?<\/strong><\/p>\n<p>Varje \u00e5r \u00f6ppnar Adrina Resort &amp; Spa efter de f\u00f6rsta 10 dagarna i juni.<\/p>\n<p><strong>2. Hotellet samarbetar med myndigheter?<\/strong><\/p>\n<p>Hotellet samarbetar inte med myndigheter som har tilldelats ett antal rum med kontrakt. Det inneb\u00e4r att den reala bokas p\u00e5 beg\u00e4ran och om det finns tillg\u00e4nglighet bekr\u00e4ftar bokningen .[\/vc_column_text][\/vc_column_inner][\/vc_row_inner]<div style=\"background-color:;height: 20px\" class=\"nicdark_section  \"><\/div>[vc_toggle title=&#8221;L\u00c4S MER&#8221;]<\/p>\n<p class=\"readmore\" data-uk-toggle=\"{target:'#more'}\"><strong>3. Hur bokar jag och vad \u00e4r processen? Vad deposition beh\u00f6vs?<\/strong><\/p>\n<div id=\"more\" class=\"\" aria-hidden=\"true\">\n<p>F\u00f6r att boka kan ni antingen ringa oss eller skicka e-post. Vi kontrollerar tillg\u00e4nglighet, skickar er en form av bekr\u00e4ftelse med ett bokningsnummer och ni har 2 alternativ .<\/p>\n<p>Det f\u00f6rsta alternativet \u00e4r att s\u00e4tta in pengar med h\u00e4lften s\u00e5 m\u00e5nga n\u00e4tter bokningen uppge bokningsnummer .<\/p>\n<p>Det andra alternativet \u00e4r att till\u00e5ta oss genom att fylla i och undertecknat blanketten med uppgifter om er kreditkort. L\u00f6ptiden f\u00f6r kreditkortet m\u00e5ste vara senare \u00e4n det datum f\u00f6r bokningen avg\u00e5ng. Kreditkortet debiteras inte utan f\u00e4ngslade enbart f\u00f6r att garantera er bokning.<\/p>\n<p>F\u00f6rsiktighet och b\u00e5da alternativen har ett specifikt slutdatum f\u00f6r att bekr\u00e4fta er bokning . Efter utg\u00e5ngen av det datum som anges p\u00e5 blanketten , ni ringer p\u00e5 telefonen f\u00f6r att se om en giltig bokning eller annulleras.<\/p>\n<p>&nbsp;<\/p>\n<p><a href=\"https:\/\/skopeloshotels-adrinaresort.reserve-online.net\/?_ga=2.29749567.1450068620.1611742145-534542520.1594474168\" target=\"_blank\" rel=\"noopener noreferrer\"><img loading=\"lazy\" src=\"https:\/\/adrinaresort.com\/images\/book-now.png\" alt=\"\" width=\"164\" height=\"36\" \/><\/a><\/p>\n<p>&nbsp;<\/p>\n<p><strong>4. Vad h\u00e4nder om jag avboka en bokning?<\/strong><\/p>\n<p>Indragningen \u00e4r en obekv\u00e4m situation f\u00f6r b\u00e5da parter. V\u00e5rt hotell ligger bara tv\u00e5 g\u00e5nger under alla dessa \u00e5r har hand inst\u00e4llda bokning .<\/p>\n<p>Om ni inte n\u00e4rvara eller avboka er bokning (eller 20 dagar f\u00f6re ankomst eller under vistelsen), kan hotellet debitera halva annulleras av bokningen. Anses ol\u00e4gligt n\u00e5gon avbokningen sker inom 21 dagar f\u00f6re p\u00e5b\u00f6rjandet av resor. Indragningen accepteras endast via fax eller e-post.<\/p>\n<p><strong>5. Kan jag \u00f6verf\u00f6ra min bokning till en annan dag?<\/strong><\/p>\n<p>Om rummet vi hade bokat annulleras sista minuten, fr\u00e5n v\u00e5r erfarenhet vet vi att det \u00e4r om\u00f6jligt att g\u00f6ra en bokning som kommer att t\u00e4cka de n\u00e4tter av annulleras bokningen. Det inneb\u00e4r att fyndigheten \u00e4r f\u00f6rlorat och kan inte \u00f6verf\u00f6ra bokningen till en annan dag .<\/p>\n<p><strong>6. Kan jag g\u00f6ra bokningar p\u00e5 b\u00e5da hottelen?(Adrina Beach och Adrina Resort &amp; Spa)<\/strong><\/p>\n<p>Helt klart kan ni kombinera er vistelse p\u00e5 b\u00e5da hotellen . Dessutom har bokningsavdelning alla l\u00f6sningar i b\u00e5de hotell , f\u00f6r att bo hos oss , i h\u00e4ndelse av begr\u00e4nsad tillg\u00e4nglighet i n\u00e5gon av dem .<\/p>\n<\/div>\n<p>[\/vc_toggle]<div style=\"background-color:;height: 35px\" class=\"nicdark_section  \"><\/div>[\/vc_column][vc_column width=&#8221;1\/3&#8243;][vc_single_image image=&#8221;16379&#8243; img_size=&#8221;medium&#8221; alignment=&#8221;center&#8221; onclick=&#8221;custom_link&#8221; link=&#8221;https:\/\/skopeloshotels-adrinaresort.reserve-online.net&#8221;]<div style=\"background-color:;height: 40px\" class=\"nicdark_section  \"><\/div>[\/vc_column][\/vc_row][vc_row full_width=&#8221;stretch_row_content&#8221;][vc_column offset=&#8221;vc_hidden-lg&#8221; css=&#8221;.vc_custom_1609750836761{padding-right: 5px !important;padding-left: 5px !important;}&#8221;][vc_raw_html]JTVCcGFubyUyMGZpbGUlM0QlMjJodHRwcyUzQSUyRiUyRmFkcmluYXJlc29ydC5jb20lMkYzNjAlMkZBZHJpbmFfUmVzb3J0Lmh0bWwlM0ZzJTNEcGFubzEwJTI2c2tpcGludHJvJTNEdHJ1ZSUyMiUyMHdpZHRoJTNEJTIyMTAwJTI1JTIyJTIwaGVpZ2h0JTNEJTIyNTAwcHglMjIlNUQ=[\/vc_raw_html]<div style=\"background-color:;height: 25px\" class=\"nicdark_section  \"><\/div>[\/vc_column][\/vc_row][vc_row css_animation=&#8221;fadeInUp&#8221;][vc_column width=&#8221;2\/3&#8243; offset=&#8221;vc_col-sm-offset-0&#8243;][vc_row_inner][vc_column_inner offset=&#8221;vc_hidden-md vc_hidden-sm vc_hidden-xs&#8221;][vc_raw_html]JTVCcGFubyUyMGZpbGUlM0QlMjJodHRwcyUzQSUyRiUyRmFkcmluYXJlc29ydC5jb20lMkYzNjAlMkZBZHJpbmFfUmVzb3J0Lmh0bWwlM0ZzJTNEcGFubzEwJTI2c2tpcGludHJvJTNEdHJ1ZSUyMiUyMHdpZHRoJTNEJTIyMTAwJTI1JTIyJTIwaGVpZ2h0JTNEJTIyNTAwcHglMjIlNUQ=[\/vc_raw_html][\/vc_column_inner][\/vc_row_inner][\/vc_column][vc_column width=&#8221;1\/3&#8243;][vc_row_inner][vc_column_inner]<div style=\"background-color:;height: 20px\" class=\"nicdark_section  \"><\/div> <h5 style=\"color:#7f7f7f;padding:px;text-align:center;font-size:12px;line-height:12px;letter-spacing: 2px;font-weight:lighter\" class=\"   nd_options_second_font \">CONTACT<\/h5> <div style=\"background-color:;height: 10px\" class=\"nicdark_section  \"><\/div> <h2 style=\"color:#7f7f7f;padding:px;text-align:center;font-size:25px;line-height:25px;letter-spacing: px;font-weight:normal\" class=\"   nd_options_first_font \">Get In Touch<\/h2> <div style=\"background-color:;height: 20px\" class=\"nicdark_section  \"><\/div>[\/vc_column_inner][\/vc_row_inner][vc_row_inner][vc_column_inner offset=&#8221;vc_col-sm-offset-0&#8243;][vc_acf field_group=&#8221;5350&#8243; field_from_5350=&#8221;field_5fdf374edaf2d&#8221; field_from_2263=&#8221;field_5fccad849934f&#8221;][\/vc_column_inner][\/vc_row_inner][\/vc_column][\/vc_row][vc_row][vc_column]<div style=\"background-color:;height: 40px\" class=\"nicdark_section  \"><\/div>[\/vc_column][\/vc_row]<\/p>\n","protected":false},"excerpt":{"rendered":"<p>[vc_row][vc_column][\/vc_column][\/vc_row][vc_row css_animation=&#8221;fadeInUp&#8221;][vc_column width=&#8221;2\/3&#8243;][vc_row_inner][vc_column_inner][vc_column_text] VANLIGA FR\u00c5GOR [\/vc_column_text][vc_column_text]:: Bokningar \u2013 Vanliga Fr\u00e5gor ::[\/vc_column_text][\/vc_column_inner][\/vc_row_inner][vc_row_inner][vc_column_inner css=&#8221;.vc_custom_1607330987558{padding-top: 30px !important;padding-right: 30px !important;padding-bottom: 15px !important;padding-left: 30px !important;background-color: #ffffff !important;}&#8221; offset=&#8221;vc_col-xs-12&#8243;][vc_column_text el_class=&#8221;hotel-text&#8221;]1. N\u00e4r hotellet \u00f6ppnar? Varje \u00e5r \u00f6ppnar Adrina Resort &amp; Spa efter de f\u00f6rsta 10 dagarna i juni. 2. Hotellet samarbetar med myndigheter? Hotellet samarbetar inte med myndigheter som har tilldelats ett [&hellip;]<\/p>\n","protected":false},"author":1,"featured_media":0,"parent":0,"menu_order":0,"comment_status":"closed","ping_status":"closed","template":"","meta":[],"_links":{"self":[{"href":"https:\/\/adrinaresort.com\/sv\/wp-json\/wp\/v2\/pages\/5102"}],"collection":[{"href":"https:\/\/adrinaresort.com\/sv\/wp-json\/wp\/v2\/pages"}],"about":[{"href":"https:\/\/adrinaresort.com\/sv\/wp-json\/wp\/v2\/types\/page"}],"author":[{"embeddable":true,"href":"https:\/\/adrinaresort.com\/sv\/wp-json\/wp\/v2\/users\/1"}],"replies":[{"embeddable":true,"href":"https:\/\/adrinaresort.com\/sv\/wp-json\/wp\/v2\/comments?post=5102"}],"version-history":[{"count":0,"href":"https:\/\/adrinaresort.com\/sv\/wp-json\/wp\/v2\/pages\/5102\/revisions"}],"wp:attachment":[{"href":"https:\/\/adrinaresort.com\/sv\/wp-json\/wp\/v2\/media?parent=5102"}],"curies":[{"name":"wp","href":"https:\/\/api.w.org\/{rel}","templated":true}]}}