{"id":5042,"date":"2020-12-11T14:03:49","date_gmt":"2020-12-11T12:03:49","guid":{"rendered":"https:\/\/adrinaresort.com\/skopelos-hotels-facilities-f-a-q\/"},"modified":"2021-02-07T11:54:47","modified_gmt":"2021-02-07T09:54:47","slug":"skopelos-hotell-lokaler-vanliga-fragor","status":"publish","type":"page","link":"https:\/\/adrinaresort.com\/sv\/skopelos-hotell-lokaler-vanliga-fragor\/","title":{"rendered":"LOKALER \u2013 VANLIGA FR\u00c5GOR"},"content":{"rendered":"<p>[vc_row][vc_column]\n\t\t\t<!-- START FACILITIES  F.A.Q. REVOLUTION SLIDER 6.2.23 --><p class=\"rs-p-wp-fix\"><\/p>\n\t\t\t<rs-module-wrap id=\"rev_slider_35_1_wrapper\" data-source=\"gallery\" style=\"background:transparent;padding:0;margin:0px auto;margin-top:0;margin-bottom:0;\">\n\t\t\t\t<rs-module id=\"rev_slider_35_1\" style=\"\" data-version=\"6.2.23\">\n\t\t\t\t\t<rs-slides>\n\t\t\t\t\t\t<rs-slide data-key=\"rs-176\" data-thumb=\"\/\/adrinaresort.com\/wp-content\/uploads\/facilities\/facilities_faq\/skopelos-hotels-adrina-resort-and-spa-facilities-3-100x50.jpg\" data-anim=\"ei:d;eo:d;s:800;r:0;t:fade;sl:d;\">\n\t\t\t\t\t\t\t<img src=\"\/\/adrinaresort.com\/wp-content\/uploads\/facilities\/facilities_faq\/skopelos-hotels-adrina-resort-and-spa-facilities-3.jpg\" alt=\"skopelos hotels adrina resort and spa facilities 3\" title=\"skopelos hotels adrina resort and spa facilities 3\" width=\"1920\" height=\"1200\" data-parallax=\"8\" class=\"rev-slidebg\" data-no-retina>\n<!---->\t\t\t\t\t\t<\/rs-slide>\n\t\t\t\t\t\t<rs-slide data-key=\"rs-194\" data-thumb=\"\/\/adrinaresort.com\/wp-content\/uploads\/facilities\/facilities_faq\/skopelos-hotels-adrina-resort-and-spa-facilities-2-100x50.jpg\" data-anim=\"ei:d;eo:d;s:800;r:0;t:fade;sl:d;\">\n\t\t\t\t\t\t\t<img src=\"\/\/adrinaresort.com\/wp-content\/uploads\/facilities\/facilities_faq\/skopelos-hotels-adrina-resort-and-spa-facilities-2.jpg\" alt=\"skopelos hotels adrina resort and spa facilities 2\" title=\"skopelos hotels adrina resort and spa facilities 2\" width=\"1920\" height=\"999\" data-parallax=\"8\" class=\"rev-slidebg\" data-no-retina>\n<!---->\t\t\t\t\t\t<\/rs-slide>\n\t\t\t\t\t\t<rs-slide data-key=\"rs-195\" data-thumb=\"\/\/adrinaresort.com\/wp-content\/uploads\/facilities\/facilities_faq\/skopelos-hotels-adrina-resort-and-spa-facilities-1-100x50.jpg\" data-anim=\"ei:d;eo:d;s:800;r:0;t:fade;sl:d;\">\n\t\t\t\t\t\t\t<img src=\"\/\/adrinaresort.com\/wp-content\/uploads\/facilities\/facilities_faq\/skopelos-hotels-adrina-resort-and-spa-facilities-1.jpg\" alt=\"skopelos hotels adrina resort and spa facilities 1\" title=\"skopelos hotels adrina resort and spa facilities 1\" width=\"1920\" height=\"1200\" data-parallax=\"8\" class=\"rev-slidebg\" data-no-retina>\n<!---->\t\t\t\t\t\t<\/rs-slide>\n\t\t\t\t\t<\/rs-slides>\n\t\t\t\t\t<rs-static-layers><!--\n\n\t\t\t\t\t\t\t--><rs-layer\n\t\t\t\t\t\t\t\tid=\"slider-35-slide-32-layer-1\" \n\t\t\t\t\t\t\t\tclass=\"rev-scroll-btn rev-b-span-light rs-selectable rs-layer-static\"\n\t\t\t\t\t\t\t\tdata-type=\"button\"\n\t\t\t\t\t\t\t\tdata-xy=\"x:c;yo:691px,661px,870px,602px;\"\n\t\t\t\t\t\t\t\tdata-text=\"w:normal;s:17,14,10,9;l:20,16,12,10;ls:1,0,0,0;\"\n\t\t\t\t\t\t\t\tdata-dim=\"w:35px,28px,21px,15px;h:55px,45px,34px,28px;minw:35px,none,none,none;minh:55px,none,none,none;\"\n\t\t\t\t\t\t\t\tdata-actions='o:click;a:scrollbelow;sp:1000ms;e:power1.inOut;'\n\t\t\t\t\t\t\t\tdata-rsp_bd=\"off\"\n\t\t\t\t\t\t\t\tdata-onslides=\"s:1;\"\n\t\t\t\t\t\t\t\tdata-padding=\"t:22,18,14,13;r:14,12,9,9;b:22,18,14,13;l:14,12,9,9;\"\n\t\t\t\t\t\t\t\tdata-border=\"bos:solid;boc:rgba(255,255,255,0.75);bow:3px,3px,3px,3px;bor:23px,23px,23px,23px;\"\n\t\t\t\t\t\t\t\tdata-frame_0=\"x:0,0,0,0px;y:0,0,0,0px;\"\n\t\t\t\t\t\t\t\tdata-frame_1=\"x:0,0,0,0px;y:0,0,0,0px;\"\n\t\t\t\t\t\t\t\tdata-frame_999=\"o:0;st:w;\"\n\t\t\t\t\t\t\t\tstyle=\"z-index:5;font-family:Roboto;text-transform:uppercase;\"\n\t\t\t\t\t\t\t><span><\/span><span><\/span><span><\/span> \n\t\t\t\t\t\t\t<\/rs-layer><!--\n\t\t\t\t\t--><\/rs-static-layers>\n\t\t\t\t<\/rs-module>\n\t\t\t\t<script type=\"text\/javascript\">\n\t\t\t\t\tsetREVStartSize({c: 'rev_slider_35_1',rl:[1240,1024,778,480],el:[800,768,960,720],gw:[1240,1024,778,480],gh:[800,768,960,720],type:'standard',justify:'',layout:'fullwidth',mh:\"0\"});\n\t\t\t\t\tvar\trevapi35,\n\t\t\t\t\t\ttpj;\n\t\t\t\t\tfunction revinit_revslider351() {\n\t\t\t\t\tjQuery(function() {\n\t\t\t\t\t\ttpj = jQuery;\n\t\t\t\t\t\trevapi35 = tpj(\"#rev_slider_35_1\");\n\t\t\t\t\t\tif(revapi35==undefined || revapi35.revolution == undefined){\n\t\t\t\t\t\t\trevslider_showDoubleJqueryError(\"rev_slider_35_1\");\n\t\t\t\t\t\t}else{\n\t\t\t\t\t\t\trevapi35.revolution({\n\t\t\t\t\t\t\t\tsliderLayout:\"fullwidth\",\n\t\t\t\t\t\t\t\tvisibilityLevels:\"1240,1024,778,480\",\n\t\t\t\t\t\t\t\tgridwidth:\"1240,1024,778,480\",\n\t\t\t\t\t\t\t\tgridheight:\"800,768,960,720\",\n\t\t\t\t\t\t\t\tspinner:\"spinner3\",\n\t\t\t\t\t\t\t\tperspective:600,\n\t\t\t\t\t\t\t\tperspectiveType:\"local\",\n\t\t\t\t\t\t\t\teditorheight:\"800,768,960,720\",\n\t\t\t\t\t\t\t\tresponsiveLevels:\"1240,1024,778,480\",\n\t\t\t\t\t\t\t\tprogressBar:{disableProgressBar:true},\n\t\t\t\t\t\t\t\tnavigation: {\n\t\t\t\t\t\t\t\t\tkeyboardNavigation:true,\n\t\t\t\t\t\t\t\t\tonHoverStop:false,\n\t\t\t\t\t\t\t\t\ttouch: {\n\t\t\t\t\t\t\t\t\t\ttouchenabled:true,\n\t\t\t\t\t\t\t\t\t\ttouchOnDesktop:true\n\t\t\t\t\t\t\t\t\t},\n\t\t\t\t\t\t\t\t\tarrows: {\n\t\t\t\t\t\t\t\t\t\tenable:true,\n\t\t\t\t\t\t\t\t\t\tstyle:\"uranus\",\n\t\t\t\t\t\t\t\t\t\tleft: {\n\n\t\t\t\t\t\t\t\t\t\t},\n\t\t\t\t\t\t\t\t\t\tright: {\n\n\t\t\t\t\t\t\t\t\t\t}\n\t\t\t\t\t\t\t\t\t},\n\t\t\t\t\t\t\t\t\tbullets: {\n\t\t\t\t\t\t\t\t\t\tenable:true,\n\t\t\t\t\t\t\t\t\t\ttmp:\"\",\n\t\t\t\t\t\t\t\t\t\tstyle:\"bullet-bar\",\n\t\t\t\t\t\t\t\t\t\tv_offset:30\n\t\t\t\t\t\t\t\t\t}\n\t\t\t\t\t\t\t\t},\n\t\t\t\t\t\t\t\tparallax: {\n\t\t\t\t\t\t\t\t\tlevels:[5,10,15,20,25,30,35,40,45,46,47,48,49,50,51,55],\n\t\t\t\t\t\t\t\t\ttype:\"scroll\",\n\t\t\t\t\t\t\t\t\torigo:\"slidercenter\"\n\t\t\t\t\t\t\t\t},\n\t\t\t\t\t\t\t\tfallbacks: {\n\t\t\t\t\t\t\t\t\tallowHTML5AutoPlayOnAndroid:true\n\t\t\t\t\t\t\t\t},\n\t\t\t\t\t\t\t});\n\t\t\t\t\t\t\tvar ua = window.navigator.userAgent;\nvar msie = ua.indexOf(\"MSIE \");\n\nif(msie > 0 || !!navigator.userAgent.match(\/Trident.*rv\\:11\\.\/) || ('CSS' in window && 'supports' in window.CSS && !window.CSS.supports('mix-blend-mode', 'screen'))) {\n \n var bgColor = 'rgba(245, 245, 245, 0.5)';\n \/\/jQuery('.rev_slider .rs-layer[data-blendmode]').removeAttr('data-blendmode').css('background', bgColor);\n jQuery('.rev_slider .rs-layer[data-blendmode]').remove();\n}\n\t\t\t\t\t\t}\n\t\t\t\t\t\t\n\t\t\t\t\t});\n\t\t\t\t\t} \/\/ End of RevInitScript\n\t\t\t\tvar once_revslider351 = false;\n\t\t\t\tif (document.readyState === \"loading\") {document.addEventListener('readystatechange',function() { if((document.readyState === \"interactive\" || document.readyState === \"complete\") && !once_revslider351 ) { once_revslider351 = true; revinit_revslider351();}});} else {once_revslider351 = true; revinit_revslider351();}\n\t\t\t\t<\/script>\n\t\t\t\t<script>\n\t\t\t\t\tvar htmlDivCss = '\t#rev_slider_35_1_wrapper rs-loader.spinner3 div { background-color: #FFFFFF !important; } ';\n\t\t\t\t\tvar htmlDiv = document.getElementById('rs-plugin-settings-inline-css');\n\t\t\t\t\tif(htmlDiv) {\n\t\t\t\t\t\thtmlDiv.innerHTML = htmlDiv.innerHTML + htmlDivCss;\n\t\t\t\t\t}else{\n\t\t\t\t\t\tvar htmlDiv = document.createElement('div');\n\t\t\t\t\t\thtmlDiv.innerHTML = '<style>' + htmlDivCss + '<\/style>';\n\t\t\t\t\t\tdocument.getElementsByTagName('head')[0].appendChild(htmlDiv.childNodes[0]);\n\t\t\t\t\t}\n\t\t\t\t<\/script>\n\t\t\t\t<script>\n\t\t\t\t\tvar htmlDivCss = unescape(\"%23rev_slider_35_1_wrapper%20.uranus.tparrows%20%7B%0A%20%20width%3A50px%3B%0A%20%20height%3A50px%3B%0A%20%20background%3Argba%28255%2C255%2C255%2C0%29%3B%0A%20%7D%0A%20%23rev_slider_35_1_wrapper%20.uranus.tparrows%3Abefore%20%7B%0A%20width%3A50px%3B%0A%20height%3A50px%3B%0A%20line-height%3A50px%3B%0A%20font-size%3A40px%3B%0A%20transition%3Aall%200.3s%3B%0A-webkit-transition%3Aall%200.3s%3B%0A%20%7D%0A%20%0A%20%20%23rev_slider_35_1_wrapper%20.uranus.tparrows%3Ahover%3Abefore%20%7B%0A%20%20%20%20opacity%3A0.75%3B%0A%20%20%7D%0A.bullet-bar.tp-bullets%20%7B%0A%7D%0A.bullet-bar.tp-bullets%3Abefore%20%7B%0A%09content%3A%22%20%22%3B%0A%09position%3Aabsolute%3B%0A%09width%3A100%25%3B%0A%09height%3A100%25%3B%0A%09background%3Atransparent%3B%0A%09padding%3A10px%3B%0A%09margin-left%3A-10px%3Bmargin-top%3A-10px%3B%0A%09box-sizing%3Acontent-box%3B%0A%7D%0A.bullet-bar%20.tp-bullet%20%7B%0A%09width%3A60px%3B%0A%09height%3A3px%3B%0A%09position%3Aabsolute%3B%0A%09background%3A%23aaa%3B%0A%20%20%20%20background%3Argba%28204%2C204%2C204%2C0.5%29%3B%0A%09cursor%3A%20pointer%3B%0A%09box-sizing%3Acontent-box%3B%0A%7D%0A.bullet-bar%20.tp-bullet%3Ahover%2C%0A.bullet-bar%20.tp-bullet.selected%20%7B%0A%09%20background%3Argba%28204%2C204%2C204%2C1%29%3B%0A%7D%0A.bullet-bar%20.tp-bullet-image%20%7B%0A%7D%0A.bullet-bar%20.tp-bullet-title%20%7B%0A%7D%0A%0A\");\n\t\t\t\t\tvar htmlDiv = document.getElementById('rs-plugin-settings-inline-css');\n\t\t\t\t\tif(htmlDiv) {\n\t\t\t\t\t\thtmlDiv.innerHTML = htmlDiv.innerHTML + htmlDivCss;\n\t\t\t\t\t}else{\n\t\t\t\t\t\tvar htmlDiv = document.createElement('div');\n\t\t\t\t\t\thtmlDiv.innerHTML = '<style>' + htmlDivCss + '<\/style>';\n\t\t\t\t\t\tdocument.getElementsByTagName('head')[0].appendChild(htmlDiv.childNodes[0]);\n\t\t\t\t\t}\n\t\t\t\t<\/script>\n\t\t\t\t<script>\n\t\t\t\t\tvar htmlDivCss = unescape(\"%0A%0A%0A%0A%0A%0A\");\n\t\t\t\t\tvar htmlDiv = document.getElementById('rs-plugin-settings-inline-css');\n\t\t\t\t\tif(htmlDiv) {\n\t\t\t\t\t\thtmlDiv.innerHTML = htmlDiv.innerHTML + htmlDivCss;\n\t\t\t\t\t}else{\n\t\t\t\t\t\tvar htmlDiv = document.createElement('div');\n\t\t\t\t\t\thtmlDiv.innerHTML = '<style>' + htmlDivCss + '<\/style>';\n\t\t\t\t\t\tdocument.getElementsByTagName('head')[0].appendChild(htmlDiv.childNodes[0]);\n\t\t\t\t\t}\n\t\t\t\t<\/script>\n\t\t\t<\/rs-module-wrap>\n\t\t\t<!-- END REVOLUTION SLIDER -->\n<div style=\"background-color:;height: 25px\" class=\"nicdark_section  \"><\/div>[\/vc_column][\/vc_row][vc_row css_animation=&#8221;fadeInUp&#8221;][vc_column width=&#8221;2\/3&#8243;][vc_row_inner][vc_column_inner][vc_column_text]<\/p>\n<h1><strong>VANLIGA FR\u00c5GOR<\/strong><\/h1>\n<div id=\"gtx-trans\" style=\"position: absolute; left: 135px; top: -10px;\">\n<h1 class=\"gtx-trans-icon\"><\/h1>\n<\/div>\n<p>[\/vc_column_text]<div style=\"background-color:;height: 25px\" class=\"nicdark_section  \"><\/div>[vc_column_text]<strong>:: Lokaler \u2013 Vanliga Fr\u00e5gor ::<\/strong>[\/vc_column_text][\/vc_column_inner][\/vc_row_inner][vc_row_inner][vc_column_inner css=&#8221;.vc_custom_1607330987558{padding-top: 30px !important;padding-right: 30px !important;padding-bottom: 15px !important;padding-left: 30px !important;background-color: #ffffff !important;}&#8221; offset=&#8221;vc_col-xs-12&#8243;][vc_column_text el_class=&#8221;hotel-text&#8221;]<strong>1. Kan jag anv\u00e4nda faciliteterna p\u00e5 Adrina Resort &amp; Spa och nedl\u00e5tande Adrina Beach (och vice versa)?<\/strong><\/p>\n<p>Naturligtvis kan ni anv\u00e4nda faciliteterna (stranden , wifi , spa , restaurang, strandbar ) av Adrina Resort &amp; Spa. Ni beh\u00f6ver inte ha pengar med dig i h\u00e4ndelse av konsumtionen. Databasen av hotell \u00e4r vanligt och ni kan ta ut ditt rum i alla hotell \/ avdelning ni \u00e4r.[\/vc_column_text][\/vc_column_inner][\/vc_row_inner]<div style=\"background-color:;height: 20px\" class=\"nicdark_section  \"><\/div>[vc_toggle title=&#8221;L\u00c4S MER&#8221;]<strong>2. Hur n\u00e4ra \u00e4r det ett hotell till ett annat?<\/strong><\/p>\n<p>Hotellen ligger 150 meter fr\u00e5n varandra. Om ni vill g\u00e5 \u00f6ver gatan som vi kommer att ta er med bil.<\/p>\n<p class=\"readmore\" data-uk-toggle=\"{target:'#more'}\"><strong>3. Finns det tillg\u00e5ng till internet p\u00e5 hotellet ?<\/strong><\/p>\n<div id=\"more\" class=\"\" aria-hidden=\"true\">\n<p>Internetanslutning i allm\u00e4nna utrymmen d\u00e4r \u00e4r restaurangen och receptionen med wifi. Ocks\u00e5 n\u00e4rvarande i rummet balkonger med wifi. Det finns ingen avgift f\u00f6r denna tj\u00e4nst koden ges av mottagningen . Vid behov internet i rummet kan placeras l\u00e4tt och snabbt en signalf\u00f6rst\u00e4rkare.<\/p>\n<p><strong>4. Finns det parkering p\u00e5 hotellet ?<\/strong><\/p>\n<p>Det finns parkering p\u00e5 hotellet runt byggnaden i receptionen ( gratis och endast f\u00f6r v\u00e5ra kunder ).<\/p>\n<p><strong>5. Hur \u00e4r stranden?<\/strong><\/p>\n<p>Stranden \u00e4r stenig och medel solstolar \/ paraplyer \u00e4r gratis f\u00f6r v\u00e5ra kunder .<\/p>\n<p><strong>6. Var kan jag knyta min b\u00e5t ?<\/strong><\/p>\n<p>Precis framf\u00f6r hotellet finns en brygga f\u00f6r sm\u00e5b\u00e5tar. Ni kan anv\u00e4nda den f\u00f6r att g\u00e5 av vid hotellet eller att f\u00f6rt\u00f6ja aktern, och b\u00f6r alltid b\u00e4ra er ankare. Hotellet har \u00e4ven b\u00e5tplatser att binda upp. (Vi rekommenderar alltid att sl\u00e4ppa ankare f\u00f6r s\u00e4kerheten i b\u00e5ten).<\/p>\n<p><strong>7. Vilka \u00e4r de n\u00e4rmaste str\u00e4nderna och n\u00e4rliggande byar i hotellet ?<\/strong><\/p>\n<p>N\u00e4rmaste str\u00e4nder \u00e4r mindre Andrines v\u00e4nster och h\u00f6ger fr\u00e5n hotellet. \u00c4ven i de 500 meter \u00e4r byn \/ stranden Panormos (mitten stenstrand). Det finns i Panormos super makret f\u00f6r vad ni vill. Stranden Milias \u00e4r tre minuter och fem minuter fr\u00e5n hotellet ligger stranden Kastani. Dessa tv\u00e5 \u00e4r str\u00e4nder med sand.<\/p>\n<\/div>\n<p>[\/vc_toggle]<div style=\"background-color:;height: 35px\" class=\"nicdark_section  \"><\/div>[\/vc_column][vc_column width=&#8221;1\/3&#8243;][vc_single_image image=&#8221;16379&#8243; img_size=&#8221;medium&#8221; alignment=&#8221;center&#8221; onclick=&#8221;custom_link&#8221; link=&#8221;https:\/\/skopeloshotels-adrinaresort.reserve-online.net&#8221;]<div style=\"background-color:;height: 40px\" class=\"nicdark_section  \"><\/div>[\/vc_column][\/vc_row][vc_row full_width=&#8221;stretch_row_content&#8221;][vc_column offset=&#8221;vc_hidden-lg&#8221; css=&#8221;.vc_custom_1609750836761{padding-right: 5px !important;padding-left: 5px !important;}&#8221;][vc_raw_html]JTVCcGFubyUyMGZpbGUlM0QlMjJodHRwcyUzQSUyRiUyRmFkcmluYXJlc29ydC5jb20lMkYzNjAlMkZBZHJpbmFfUmVzb3J0Lmh0bWwlM0ZzJTNEcGFubzEwJTI2c2tpcGludHJvJTNEdHJ1ZSUyMiUyMHdpZHRoJTNEJTIyMTAwJTI1JTIyJTIwaGVpZ2h0JTNEJTIyNTAwcHglMjIlNUQ=[\/vc_raw_html]<div style=\"background-color:;height: 25px\" class=\"nicdark_section  \"><\/div>[\/vc_column][\/vc_row][vc_row css_animation=&#8221;fadeInUp&#8221;][vc_column width=&#8221;2\/3&#8243; offset=&#8221;vc_col-sm-offset-0&#8243;][vc_row_inner][vc_column_inner offset=&#8221;vc_hidden-md vc_hidden-sm vc_hidden-xs&#8221;][vc_raw_html]JTVCcGFubyUyMGZpbGUlM0QlMjJodHRwcyUzQSUyRiUyRmFkcmluYXJlc29ydC5jb20lMkYzNjAlMkZBZHJpbmFfUmVzb3J0Lmh0bWwlM0ZzJTNEcGFubzEwJTI2c2tpcGludHJvJTNEdHJ1ZSUyMiUyMHdpZHRoJTNEJTIyMTAwJTI1JTIyJTIwaGVpZ2h0JTNEJTIyNTAwcHglMjIlNUQ=[\/vc_raw_html][\/vc_column_inner][\/vc_row_inner][\/vc_column][vc_column width=&#8221;1\/3&#8243;][vc_row_inner][vc_column_inner]<div style=\"background-color:;height: 20px\" class=\"nicdark_section  \"><\/div> <h5 style=\"color:#7f7f7f;padding:px;text-align:center;font-size:12px;line-height:12px;letter-spacing: 2px;font-weight:lighter\" class=\"   nd_options_second_font \">CONTACT<\/h5> <div style=\"background-color:;height: 10px\" class=\"nicdark_section  \"><\/div> <h2 style=\"color:#7f7f7f;padding:px;text-align:center;font-size:25px;line-height:25px;letter-spacing: px;font-weight:normal\" class=\"   nd_options_first_font \">Get In Touch<\/h2> <div style=\"background-color:;height: 20px\" class=\"nicdark_section  \"><\/div>[\/vc_column_inner][\/vc_row_inner][vc_row_inner][vc_column_inner offset=&#8221;vc_col-sm-offset-0&#8243;][vc_acf field_group=&#8221;5350&#8243; field_from_5350=&#8221;field_5fdf374edaf2d&#8221; field_from_2263=&#8221;field_5fccad849934f&#8221;][\/vc_column_inner][\/vc_row_inner][\/vc_column][\/vc_row][vc_row][vc_column]<div style=\"background-color:;height: 40px\" class=\"nicdark_section  \"><\/div>[\/vc_column][\/vc_row]<\/p>\n","protected":false},"excerpt":{"rendered":"<p>[vc_row][vc_column][\/vc_column][\/vc_row][vc_row css_animation=&#8221;fadeInUp&#8221;][vc_column width=&#8221;2\/3&#8243;][vc_row_inner][vc_column_inner][vc_column_text] VANLIGA FR\u00c5GOR [\/vc_column_text][vc_column_text]:: Lokaler \u2013 Vanliga Fr\u00e5gor ::[\/vc_column_text][\/vc_column_inner][\/vc_row_inner][vc_row_inner][vc_column_inner css=&#8221;.vc_custom_1607330987558{padding-top: 30px !important;padding-right: 30px !important;padding-bottom: 15px !important;padding-left: 30px !important;background-color: #ffffff !important;}&#8221; offset=&#8221;vc_col-xs-12&#8243;][vc_column_text el_class=&#8221;hotel-text&#8221;]1. Kan jag anv\u00e4nda faciliteterna p\u00e5 Adrina Resort &amp; Spa och nedl\u00e5tande Adrina Beach (och vice versa)? Naturligtvis kan ni anv\u00e4nda faciliteterna (stranden , wifi , spa , restaurang, strandbar ) av [&hellip;]<\/p>\n","protected":false},"author":1,"featured_media":0,"parent":0,"menu_order":0,"comment_status":"closed","ping_status":"closed","template":"","meta":[],"_links":{"self":[{"href":"https:\/\/adrinaresort.com\/sv\/wp-json\/wp\/v2\/pages\/5042"}],"collection":[{"href":"https:\/\/adrinaresort.com\/sv\/wp-json\/wp\/v2\/pages"}],"about":[{"href":"https:\/\/adrinaresort.com\/sv\/wp-json\/wp\/v2\/types\/page"}],"author":[{"embeddable":true,"href":"https:\/\/adrinaresort.com\/sv\/wp-json\/wp\/v2\/users\/1"}],"replies":[{"embeddable":true,"href":"https:\/\/adrinaresort.com\/sv\/wp-json\/wp\/v2\/comments?post=5042"}],"version-history":[{"count":0,"href":"https:\/\/adrinaresort.com\/sv\/wp-json\/wp\/v2\/pages\/5042\/revisions"}],"wp:attachment":[{"href":"https:\/\/adrinaresort.com\/sv\/wp-json\/wp\/v2\/media?parent=5042"}],"curies":[{"name":"wp","href":"https:\/\/api.w.org\/{rel}","templated":true}]}}