{"id":4345,"date":"2020-12-15T14:55:27","date_gmt":"2020-12-15T12:55:27","guid":{"rendered":"https:\/\/adrinaresort.com\/skopelos-hotels-getting-here\/"},"modified":"2021-02-07T12:11:16","modified_gmt":"2021-02-07T10:11:16","slug":"skopelos-hotell-att-komma-hit","status":"publish","type":"page","link":"https:\/\/adrinaresort.com\/sv\/skopelos-hotell-att-komma-hit\/","title":{"rendered":"ATT KOMMA HIT"},"content":{"rendered":"<p>[vc_row][vc_column]\n\t\t\t<!-- START GETTING HERE REVOLUTION SLIDER 6.2.23 --><p class=\"rs-p-wp-fix\"><\/p>\n\t\t\t<rs-module-wrap id=\"rev_slider_39_1_wrapper\" data-source=\"gallery\" style=\"background:transparent;padding:0;margin:0px auto;margin-top:0;margin-bottom:0;\">\n\t\t\t\t<rs-module id=\"rev_slider_39_1\" style=\"\" data-version=\"6.2.23\">\n\t\t\t\t\t<rs-slides>\n\t\t\t\t\t\t<rs-slide data-key=\"rs-202\" data-thumb=\"\/\/adrinaresort.com\/wp-content\/uploads\/facilities\/getting_here\/skopelos-hotels-adrina-hotels-26-100x50.jpg\" data-anim=\"ei:d;eo:d;s:800;r:0;t:fade;sl:d;\">\n\t\t\t\t\t\t\t<img src=\"\/\/adrinaresort.com\/wp-content\/uploads\/facilities\/getting_here\/skopelos-hotels-adrina-hotels-26.jpg\" data-parallax=\"8\" class=\"rev-slidebg\" data-no-retina>\n<!---->\t\t\t\t\t\t<\/rs-slide>\n\t\t\t\t\t\t<rs-slide data-key=\"rs-207\" data-thumb=\"\/\/adrinaresort.com\/wp-content\/uploads\/facilities\/getting_here\/skopelos-hotels-adrina-hotels-18-100x50.jpg\" data-anim=\"ei:d;eo:d;s:800;r:0;t:fade;sl:d;\">\n\t\t\t\t\t\t\t<img src=\"\/\/adrinaresort.com\/wp-content\/uploads\/facilities\/getting_here\/skopelos-hotels-adrina-hotels-18.jpg\" data-parallax=\"8\" class=\"rev-slidebg\" data-no-retina>\n<!---->\t\t\t\t\t\t<\/rs-slide>\n\t\t\t\t\t\t<rs-slide data-key=\"rs-208\" data-thumb=\"\/\/adrinaresort.com\/wp-content\/uploads\/facilities\/getting_here\/skopelos-hotels-adrina-hotels-15.jpg\" data-anim=\"ei:d;eo:d;s:800;r:0;t:fade;sl:d;\">\n\t\t\t\t\t\t\t<img src=\"\/\/adrinaresort.com\/wp-content\/uploads\/facilities\/getting_here\/skopelos-hotels-adrina-hotels-15.jpg\" data-parallax=\"8\" class=\"rev-slidebg\" data-no-retina>\n<!---->\t\t\t\t\t\t<\/rs-slide>\n\t\t\t\t\t<\/rs-slides>\n\t\t\t\t\t<rs-static-layers><!--\n\n\t\t\t\t\t\t\t--><rs-layer\n\t\t\t\t\t\t\t\tid=\"slider-39-slide-36-layer-0\" \n\t\t\t\t\t\t\t\tclass=\"rev-scroll-btn rev-b-span-light rs-layer-static\"\n\t\t\t\t\t\t\t\tdata-type=\"button\"\n\t\t\t\t\t\t\t\tdata-xy=\"x:c;yo:691px,661px,870px,602px;\"\n\t\t\t\t\t\t\t\tdata-text=\"w:normal;s:17,14,10,9;l:20,16,12,10;ls:1,0,0,0;\"\n\t\t\t\t\t\t\t\tdata-dim=\"w:35px,28px,21px,15px;h:55px,45px,34px,28px;minw:35px,none,none,none;minh:55px,none,none,none;\"\n\t\t\t\t\t\t\t\tdata-actions='o:click;a:scrollbelow;sp:1000ms;e:power1.inOut;'\n\t\t\t\t\t\t\t\tdata-rsp_bd=\"off\"\n\t\t\t\t\t\t\t\tdata-onslides=\"s:1;\"\n\t\t\t\t\t\t\t\tdata-padding=\"t:22,18,14,13;r:14,12,9,9;b:22,18,14,13;l:14,12,9,9;\"\n\t\t\t\t\t\t\t\tdata-border=\"bos:solid;boc:rgba(255,255,255,0.75);bow:3px,3px,3px,3px;bor:23px,23px,23px,23px;\"\n\t\t\t\t\t\t\t\tdata-frame_0=\"x:0,0,0,0px;y:0,0,0,0px;\"\n\t\t\t\t\t\t\t\tdata-frame_1=\"x:0,0,0,0px;y:0,0,0,0px;\"\n\t\t\t\t\t\t\t\tdata-frame_999=\"o:0;st:w;\"\n\t\t\t\t\t\t\t\tstyle=\"z-index:5;font-family:Roboto;text-transform:uppercase;\"\n\t\t\t\t\t\t\t><span><\/span><span><\/span><span><\/span> \n\t\t\t\t\t\t\t<\/rs-layer><!--\n\t\t\t\t\t--><\/rs-static-layers>\n\t\t\t\t<\/rs-module>\n\t\t\t\t<script type=\"text\/javascript\">\n\t\t\t\t\tsetREVStartSize({c: 'rev_slider_39_1',rl:[1240,1024,778,480],el:[800,768,960,720],gw:[1240,1024,778,480],gh:[800,768,960,720],type:'standard',justify:'',layout:'fullwidth',mh:\"0\"});\n\t\t\t\t\tvar\trevapi39,\n\t\t\t\t\t\ttpj;\n\t\t\t\t\tfunction revinit_revslider391() {\n\t\t\t\t\tjQuery(function() {\n\t\t\t\t\t\ttpj = jQuery;\n\t\t\t\t\t\trevapi39 = tpj(\"#rev_slider_39_1\");\n\t\t\t\t\t\tif(revapi39==undefined || revapi39.revolution == undefined){\n\t\t\t\t\t\t\trevslider_showDoubleJqueryError(\"rev_slider_39_1\");\n\t\t\t\t\t\t}else{\n\t\t\t\t\t\t\trevapi39.revolution({\n\t\t\t\t\t\t\t\tsliderLayout:\"fullwidth\",\n\t\t\t\t\t\t\t\tvisibilityLevels:\"1240,1024,778,480\",\n\t\t\t\t\t\t\t\tgridwidth:\"1240,1024,778,480\",\n\t\t\t\t\t\t\t\tgridheight:\"800,768,960,720\",\n\t\t\t\t\t\t\t\tspinner:\"spinner3\",\n\t\t\t\t\t\t\t\tperspective:600,\n\t\t\t\t\t\t\t\tperspectiveType:\"local\",\n\t\t\t\t\t\t\t\teditorheight:\"800,768,960,720\",\n\t\t\t\t\t\t\t\tresponsiveLevels:\"1240,1024,778,480\",\n\t\t\t\t\t\t\t\tprogressBar:{disableProgressBar:true},\n\t\t\t\t\t\t\t\tnavigation: {\n\t\t\t\t\t\t\t\t\tkeyboardNavigation:true,\n\t\t\t\t\t\t\t\t\tonHoverStop:false,\n\t\t\t\t\t\t\t\t\ttouch: {\n\t\t\t\t\t\t\t\t\t\ttouchenabled:true,\n\t\t\t\t\t\t\t\t\t\ttouchOnDesktop:true\n\t\t\t\t\t\t\t\t\t},\n\t\t\t\t\t\t\t\t\tarrows: {\n\t\t\t\t\t\t\t\t\t\tenable:true,\n\t\t\t\t\t\t\t\t\t\tstyle:\"uranus\",\n\t\t\t\t\t\t\t\t\t\tleft: {\n\n\t\t\t\t\t\t\t\t\t\t},\n\t\t\t\t\t\t\t\t\t\tright: {\n\n\t\t\t\t\t\t\t\t\t\t}\n\t\t\t\t\t\t\t\t\t},\n\t\t\t\t\t\t\t\t\tbullets: {\n\t\t\t\t\t\t\t\t\t\tenable:true,\n\t\t\t\t\t\t\t\t\t\ttmp:\"\",\n\t\t\t\t\t\t\t\t\t\tstyle:\"bullet-bar\",\n\t\t\t\t\t\t\t\t\t\tv_offset:30\n\t\t\t\t\t\t\t\t\t}\n\t\t\t\t\t\t\t\t},\n\t\t\t\t\t\t\t\tparallax: {\n\t\t\t\t\t\t\t\t\tlevels:[5,10,15,20,25,30,35,40,45,46,47,48,49,50,51,55],\n\t\t\t\t\t\t\t\t\ttype:\"scroll\",\n\t\t\t\t\t\t\t\t\torigo:\"slidercenter\"\n\t\t\t\t\t\t\t\t},\n\t\t\t\t\t\t\t\tfallbacks: {\n\t\t\t\t\t\t\t\t\tallowHTML5AutoPlayOnAndroid:true\n\t\t\t\t\t\t\t\t},\n\t\t\t\t\t\t\t});\n\t\t\t\t\t\t\tvar ua = window.navigator.userAgent;\nvar msie = ua.indexOf(\"MSIE \");\n\nif(msie > 0 || !!navigator.userAgent.match(\/Trident.*rv\\:11\\.\/) || ('CSS' in window && 'supports' in window.CSS && !window.CSS.supports('mix-blend-mode', 'screen'))) {\n \n var bgColor = 'rgba(245, 245, 245, 0.5)';\n \/\/jQuery('.rev_slider .rs-layer[data-blendmode]').removeAttr('data-blendmode').css('background', bgColor);\n jQuery('.rev_slider .rs-layer[data-blendmode]').remove();\n}\n\t\t\t\t\t\t}\n\t\t\t\t\t\t\n\t\t\t\t\t});\n\t\t\t\t\t} \/\/ End of RevInitScript\n\t\t\t\tvar once_revslider391 = false;\n\t\t\t\tif (document.readyState === \"loading\") {document.addEventListener('readystatechange',function() { if((document.readyState === \"interactive\" || document.readyState === \"complete\") && !once_revslider391 ) { once_revslider391 = true; revinit_revslider391();}});} else {once_revslider391 = true; revinit_revslider391();}\n\t\t\t\t<\/script>\n\t\t\t\t<script>\n\t\t\t\t\tvar htmlDivCss = '\t#rev_slider_39_1_wrapper rs-loader.spinner3 div { background-color: #FFFFFF !important; } ';\n\t\t\t\t\tvar htmlDiv = document.getElementById('rs-plugin-settings-inline-css');\n\t\t\t\t\tif(htmlDiv) {\n\t\t\t\t\t\thtmlDiv.innerHTML = htmlDiv.innerHTML + htmlDivCss;\n\t\t\t\t\t}else{\n\t\t\t\t\t\tvar htmlDiv = document.createElement('div');\n\t\t\t\t\t\thtmlDiv.innerHTML = '<style>' + htmlDivCss + '<\/style>';\n\t\t\t\t\t\tdocument.getElementsByTagName('head')[0].appendChild(htmlDiv.childNodes[0]);\n\t\t\t\t\t}\n\t\t\t\t<\/script>\n\t\t\t\t<script>\n\t\t\t\t\tvar htmlDivCss = unescape(\"%23rev_slider_39_1_wrapper%20.uranus.tparrows%20%7B%0A%20%20width%3A50px%3B%0A%20%20height%3A50px%3B%0A%20%20background%3Argba%28255%2C255%2C255%2C0%29%3B%0A%20%7D%0A%20%23rev_slider_39_1_wrapper%20.uranus.tparrows%3Abefore%20%7B%0A%20width%3A50px%3B%0A%20height%3A50px%3B%0A%20line-height%3A50px%3B%0A%20font-size%3A40px%3B%0A%20transition%3Aall%200.3s%3B%0A-webkit-transition%3Aall%200.3s%3B%0A%20%7D%0A%20%0A%20%20%23rev_slider_39_1_wrapper%20.uranus.tparrows%3Ahover%3Abefore%20%7B%0A%20%20%20%20opacity%3A0.75%3B%0A%20%20%7D%0A.bullet-bar.tp-bullets%20%7B%0A%7D%0A.bullet-bar.tp-bullets%3Abefore%20%7B%0A%09content%3A%22%20%22%3B%0A%09position%3Aabsolute%3B%0A%09width%3A100%25%3B%0A%09height%3A100%25%3B%0A%09background%3Atransparent%3B%0A%09padding%3A10px%3B%0A%09margin-left%3A-10px%3Bmargin-top%3A-10px%3B%0A%09box-sizing%3Acontent-box%3B%0A%7D%0A.bullet-bar%20.tp-bullet%20%7B%0A%09width%3A60px%3B%0A%09height%3A3px%3B%0A%09position%3Aabsolute%3B%0A%09background%3A%23aaa%3B%0A%20%20%20%20background%3Argba%28204%2C204%2C204%2C0.5%29%3B%0A%09cursor%3A%20pointer%3B%0A%09box-sizing%3Acontent-box%3B%0A%7D%0A.bullet-bar%20.tp-bullet%3Ahover%2C%0A.bullet-bar%20.tp-bullet.selected%20%7B%0A%09%20background%3Argba%28204%2C204%2C204%2C1%29%3B%0A%7D%0A.bullet-bar%20.tp-bullet-image%20%7B%0A%7D%0A.bullet-bar%20.tp-bullet-title%20%7B%0A%7D%0A%0A\");\n\t\t\t\t\tvar htmlDiv = document.getElementById('rs-plugin-settings-inline-css');\n\t\t\t\t\tif(htmlDiv) {\n\t\t\t\t\t\thtmlDiv.innerHTML = htmlDiv.innerHTML + htmlDivCss;\n\t\t\t\t\t}else{\n\t\t\t\t\t\tvar htmlDiv = document.createElement('div');\n\t\t\t\t\t\thtmlDiv.innerHTML = '<style>' + htmlDivCss + '<\/style>';\n\t\t\t\t\t\tdocument.getElementsByTagName('head')[0].appendChild(htmlDiv.childNodes[0]);\n\t\t\t\t\t}\n\t\t\t\t<\/script>\n\t\t\t\t<script>\n\t\t\t\t\tvar htmlDivCss = unescape(\"%0A%0A%0A%0A%0A%0A\");\n\t\t\t\t\tvar htmlDiv = document.getElementById('rs-plugin-settings-inline-css');\n\t\t\t\t\tif(htmlDiv) {\n\t\t\t\t\t\thtmlDiv.innerHTML = htmlDiv.innerHTML + htmlDivCss;\n\t\t\t\t\t}else{\n\t\t\t\t\t\tvar htmlDiv = document.createElement('div');\n\t\t\t\t\t\thtmlDiv.innerHTML = '<style>' + htmlDivCss + '<\/style>';\n\t\t\t\t\t\tdocument.getElementsByTagName('head')[0].appendChild(htmlDiv.childNodes[0]);\n\t\t\t\t\t}\n\t\t\t\t<\/script>\n\t\t\t<\/rs-module-wrap>\n\t\t\t<!-- END REVOLUTION SLIDER -->\n<div style=\"background-color:;height: 25px\" class=\"nicdark_section  \"><\/div>[\/vc_column][\/vc_row][vc_row css_animation=&#8221;fadeInUp&#8221;][vc_column width=&#8221;2\/3&#8243;][vc_row_inner][vc_column_inner][vc_column_text]<\/p>\n<h1>ATT KOMMA HIT<\/h1>\n<div id=\"gtx-trans\" style=\"position: absolute; left: 135px; top: -10px;\">\n<div class=\"gtx-trans-icon\"><\/div>\n<\/div>\n<p>[\/vc_column_text]<div style=\"background-color:;height: 25px\" class=\"nicdark_section  \"><\/div>[vc_column_text]Hur f\u00e5r man till Skopelos \u2013 Information \u2013 Transport[\/vc_column_text][\/vc_column_inner][\/vc_row_inner][vc_row_inner][vc_column_inner css=&#8221;.vc_custom_1607330987558{padding-top: 30px !important;padding-right: 30px !important;padding-bottom: 15px !important;padding-left: 30px !important;background-color: #ffffff !important;}&#8221; offset=&#8221;vc_col-xs-12&#8243;][vc_column_text el_class=&#8221;hotel-text&#8221;]<strong>Anv\u00e4ndbara Resetips<\/strong><\/p>\n<p>a ) F\u00f6retag Fartyg kommunicera sina v\u00e4gar varje \u00e5r efter den 1 maj och slutf\u00f6ra de f\u00f6rsta 10 dagarna i juni. M\u00e5nga resen\u00e4rer till Skopelos och Alonissos boka sitt boende tidigt och v\u00e4ntar p\u00e5 maj \u2013 upplagan juni till sina biljetter p\u00e5 n\u00e4tet.<\/p>\n<p>b ) Mellan den 15 \/06 till 15\/ 09 p\u00e5 b\u00e4sta s\u00e4tt (och dyrare ) att resa till Skiathos \u2013 Skopelos \u2013 Alonissos \u00e4r ett flyg till Skiathos, taxi till hamnen i Skiathos (5 minuter) och f\u00e4rjan till Skopelos eller Alonissos. Ni beh\u00f6ver inte ha bokat en taxi till Skiathos. Om ni vill g\u00e5 till Skopelos och Alonissos , beh\u00f6ver hitta ett flyg som anl\u00e4nder tidigare \u00e4n Skiathos och avg\u00e5r senast Skiathos. Detta g\u00f6r att ni \u00e4r mer ben\u00e4gna att f\u00e5 respons av fartyget till de tv\u00e5 \u00f6arna .[\/vc_column_text][\/vc_column_inner][\/vc_row_inner]<div style=\"background-color:;height: 20px\" class=\"nicdark_section  \"><\/div>[vc_toggle title=&#8221;L\u00c4S MER&#8221;]Ni kan boka tid med b\u00e5ttaxi fr\u00e5n Skiathos till Skopelos . Det kostar 150,00 \u20ac f\u00f6r 1-4 personer och varje ytterligare person \u20ac 20,00. Resan tar 20-25 minuter till Skopelos<\/p>\n<p>(Glossa \u2013 Elios \u2013 Adrina \u2013 Panormo). Ring Dimitri telefon p\u00e5 6980200200 och 6976806938. Han kan st\u00e4ngas och taxi kommer att v\u00e4nta p\u00e5 flygplatsen och ta er till b\u00e5ttaxi. Taxin kostar 12,00 \u20ac enligt \u00f6verenskommelse , fr\u00e5n 8,00 till 9,00 euro utan en avtalad tid .<\/p>\n<p>c ) Om ni reser i juli eller augusti, \u00e4r det b\u00e4ttre att utl\u00e4mning och returbiljetter. Observera att om ni \u00e4ndrar biljetter introducerar en liten fin och kanske inte \u00e4r tillg\u00e4ngliga n\u00e4r du \u00e4ndrar dig) .<\/p>\n<p>d ) \u00d6n Skopelos har tv\u00e5 portar \u2013 Glossa ( eller Loutraki ) och Skopelos ( Chora ) . Du kan fr\u00e5ga var de vill bo f\u00f6r att visa er vad port att g\u00e5 av. De tv\u00e5 hamnar har olika r\u00e4tter. B\u00e5da portarna \u00e4r desamma fr\u00e5n Adrina Beach hotell och Adrina Resort, s\u00e5 det \u00e4r b\u00e4ttre att v\u00e4lja hamn Glossa , eftersom det \u00e4r den f\u00f6rsta stationen p\u00e5 \u00f6n .<\/p>\n<p>e ) Det finns dagliga f\u00e4rjor fr\u00e5n Agios Konstantinos och Volos till Skiathos \u2013 Spr\u00e5k \u2013 Skopelos \u2013 Alonissos. Vintern oftast avbryts dagliga rutter och det finns heller ingen f\u00e4rja fr\u00e5n Agios Konstantinos .<\/p>\n<p>f) Om du reser via Aten kan du resa till Skopelos fr\u00e5n f\u00f6ljande hamnar:<\/p>\n<p>i) Ag. Constantinos,<\/p>\n<p>ii) Mantoudi, Evia,<\/p>\n<p>iii) Kimi, Evia<\/p>\n<p>f1) Det finns dagliga rutter fr\u00e5n Ag. Constantinos genom Hellenic Seaways eller Aegean Flying Dolphins via snabbg\u00e5ende b\u00e5tar eller fartyg. F\u00f6r rutter anordnade av Hellenic Seaways m\u00e5ste du kontakta byr\u00e5n: Alkyon Travel, 97 Akademias st., Kanigos Square, +30 2103832545.\u00a0 F\u00f6r rutter anordnade av Aegean Flying Dolphins m\u00e5ste du kontakta byr\u00e5n: Jeta Tours, 54 Nikis st., Syntagma Square, +30 2103227353.\u00a0 B\u00e5da byr\u00e5erna erbjuder busservice till hamnen d\u00e4r fartyg eller snabbg\u00e5ende b\u00e5tar avg\u00e5r. Om du inte vill k\u00f6pa dina biljetter i centrala Aten (vilket kr\u00e4ver att du g\u00e5r till centrum och k\u00f6per biljetter n\u00e5gra dagar i f\u00f6rv\u00e4g innan avresa), f\u00f6resl\u00e5r vi att du kontaktar byr\u00e5erna som ligger i hamnen Ag. Constantinos f\u00f6r en bokning: Alkyon Travel, +30 2235031989 eller Bilalis Travel, +30 2235031874. Dessa byr\u00e5er kan kontakta byr\u00e5erna i Aten f\u00f6r att ordna bussbiljett till hamnen \u00e5t dig. Din bussbiljett kommer att finnas tillg\u00e4nglig antingen p\u00e5 Syntagma eller byr\u00e5n vid Kanigos torg. Det finns m\u00f6jlighet till stopp f\u00f6r ombordstigning p\u00e5 riksv\u00e4gen (Kaliftaki h\u00e5llplats), vilket \u00e4r smidigt f\u00f6r resen\u00e4rer som befinner sig i de norra f\u00f6rorterna, men det kr\u00e4ver en bekr\u00e4ftelse innan. Om du reser med bil kan du g\u00f6ra en reservation med byr\u00e5n Ag. Constantinos, s\u00e5 kan du sj\u00e4lv h\u00e4mta dina biljetter s\u00e5 snart du anl\u00e4nder dit.<\/p>\n<p>f2) Fr\u00e5n Mantoudi kan du g\u00e5 ombord p\u00e5 en b\u00e5t som drivs av ANES ferries (http:\/\/www.anes.gr). Du kan n\u00e5 Mantoudi genom en bussf\u00f6rbindelse fr\u00e5n Aten.<\/p>\n<p>f3) Fr\u00e5n Kimi kan du g\u00e5 ombord p\u00e5 en b\u00e5t som drivs av SNE ferries ( http:\/\/www.sne.gr).<\/p>\n<p>g)Det s\u00e4kraste Resan fr\u00e5n Thessaloniki \u00e4r genom hamnen i Volos, fr\u00e5n vilken det finns dagliga f\u00f6rbindelser till Sporaderna (vinter \u2013 sommar ).<\/p>\n<p>Om ni vill flytta p\u00e5 v\u00e4g fr\u00e5n Thessaloniki till Volos och vice versa, kan ni hyra en bil eller minibuss fr\u00e5n www.avis.gr. Efter samr\u00e5d med f\u00f6retaget, kan ni ta er bil till er slutdestination p\u00e5 sin egen partner .<\/p>\n<p>h)Om ni tar t\u00e5get till Volos och Thessaloniki endast anv\u00e4nda Intercity! !! Endast IC g\u00e5r direkt till er destination utan mellanlandningar och avgifter .<\/p>\n<p>i)Vintern stoppade f\u00e4rjor fr\u00e5n Agios Konstantinos. Om ni vill f\u00e5 fr\u00f6na med er bil, b\u00f6r ni g\u00e5 till hamnen i Volos. Ocks\u00e5 fr\u00e5n Agios Konstantinos reducerade scheman motorb\u00e5t 3-2 per vecka .<\/p>\n<p><strong>Resv\u00e4gar fr\u00e5n andra l\u00e4nder<\/strong><\/p>\n<p>a) Charterflyg till Skiathos \u2013 Taxi till Skiathos hamn (5 min) \u2013 B\u00e5t eller flygb\u00e5t till \u00f6n Skopelos \u2013 Alonissos.<\/p>\n<p>b) Charter eller schemalagt flyg till Aten \u2013 Inrikesflyg till Skiathos flygplats (35 min) \u2013 Taxi fr\u00e5n flygplatsen till Skiathos hamn (5 min) \u2013 Flygb\u00e5t till hamnen Glossa (20 min) eller Skopelos (upp till 45 min).<\/p>\n<p>c) Charter eller schemalagt flyg till Atens flygplats \u2013 Taxi till Akadimias St. 97 vid Alkyons kontor. Minoan Lines kontor \u00e4r bel\u00e4gna d\u00e4r och en turistbuss avg\u00e5r i tid f\u00f6r en f\u00f6rbindelse med en flygb\u00e5t fr\u00e5n hamnen Aghios Constantinos. \u2013 B\u00e5t eller flygb\u00e5t till \u00f6n Skiathos \u2013 Skopelos \u2013 Alonissos.<\/p>\n<p>d) Charter eller schemalagt flyg till Thessaloniki \u2013 Buss eller taxi till Thessaloniki hamn \u2013 B\u00e5t eller flygb\u00e5t till hamnarna Skiathos \u2013 Skopelos.<\/p>\n<p>e) Charter eller schemalagt flyg till Thessaloniki \u2013 Buss eller t\u00e5g till Volos hamn \u2013 B\u00e5t eller flygb\u00e5t till hamnarna Skiathos \u2013 Skopelos.<\/p>\n<p>f) Med privat bil via Italien (till Patras eller Igoumenitsa) \u2013 genom grekiska fastlandet till hamnen Aghios Konstantinos \u2013 B\u00e5t eller flygb\u00e5t till hamnarna Skiathos \u2013 Skopelos \u2013 Alonissos.<\/p>\n<p>g) Med privat bil via Italien (till Patras eller Igoumenitsa) \u2013 genom grekiska fastlandet till Volos hamn \u2013 B\u00e5t eller flygb\u00e5t till hamnarna Skiathos \u2013 Skopelos \u2013 Alonissos.<\/p>\n<p><strong>Hur f\u00e5r man ( Interi\u00f6r )<\/strong><\/p>\n<p>a)Fr\u00e5n Aten till Skiathos med flyg \u00e4r den dyraste l\u00f6sningen, men resan tar bara 35-45 minuter. Fr\u00e5n hamnen i Skiathos ( 5 minuter med taxi fr\u00e5n flygplatsen ) kan ni f\u00e5 en speedboat eller f\u00e4rja till Glossa \u2013 Skopelos \u2013 Alonissos .<\/p>\n<p>b)Fr\u00e5n Aten till Agios Konstantinos: Buss eller taxi f\u00f6r Alkyon Travel , 97 Akadimias, Canningos Square. T\u00e5 Buss till St Konstantinos och korrespondens med hastighet \/ fartyg till Sporaderna .<\/p>\n<p>c)Fr\u00e5n Aten till Volos med bil ( 3 timmar och 30 minuter ) eller buss (4 timmar och 30 minuter) \u2013 korrespondens p\u00e5 de snabba \/ fartyg till Sporaderna .<\/p>\n<p>d)Fr\u00e5n Aten till Volos med t\u00e5g ( Intercity 4 timmar och 30 minuter) \u2013 korrespondens p\u00e5 de snabba \/ fartyg till Sporaderna .<\/p>\n<p>e)Fr\u00e5n Thessaloniki till Volos med t\u00e5g eller buss ( 3 timmar ) \u2013 korrespondens p\u00e5 de snabba \/ fartyg till Sporaderna .<\/p>\n<p>g)Fr\u00e5n hamnen i Thessaloniki (Endast juni till mitten av september , och inte varje \u00e5r) \u2013 korrespondens p\u00e5 de snabba \/ fartyg till Sporaderna.<\/p>\n<p>MER DETALJER NI KAN SE WEBBPLATSEN<\/p>\n<p>www.skopelos.com[\/vc_toggle]<div style=\"background-color:;height: 35px\" class=\"nicdark_section  \"><\/div>[\/vc_column][vc_column width=&#8221;1\/3&#8243;][vc_single_image image=&#8221;16379&#8243; img_size=&#8221;medium&#8221; alignment=&#8221;center&#8221; onclick=&#8221;custom_link&#8221; link=&#8221;https:\/\/skopeloshotels-adrinaresort.reserve-online.net&#8221;]<div style=\"background-color:;height: 40px\" class=\"nicdark_section  \"><\/div>[\/vc_column][\/vc_row][vc_row full_width=&#8221;stretch_row_content&#8221;][vc_column offset=&#8221;vc_hidden-lg&#8221; css=&#8221;.vc_custom_1609750836761{padding-right: 5px !important;padding-left: 5px !important;}&#8221;][vc_raw_html]JTVCcGFubyUyMGZpbGUlM0QlMjJodHRwcyUzQSUyRiUyRmFkcmluYXJlc29ydC5jb20lMkYzNjAlMkZBZHJpbmFfUmVzb3J0Lmh0bWwlM0ZzJTNEcGFubzEwJTI2c2tpcGludHJvJTNEdHJ1ZSUyMiUyMHdpZHRoJTNEJTIyMTAwJTI1JTIyJTIwaGVpZ2h0JTNEJTIyNTAwcHglMjIlNUQ=[\/vc_raw_html]<div style=\"background-color:;height: 25px\" class=\"nicdark_section  \"><\/div>[\/vc_column][\/vc_row][vc_row css_animation=&#8221;fadeInUp&#8221;][vc_column width=&#8221;2\/3&#8243; offset=&#8221;vc_col-sm-offset-0&#8243;][vc_row_inner][vc_column_inner offset=&#8221;vc_hidden-md vc_hidden-sm vc_hidden-xs&#8221;][vc_raw_html]JTVCcGFubyUyMGZpbGUlM0QlMjJodHRwcyUzQSUyRiUyRmFkcmluYXJlc29ydC5jb20lMkYzNjAlMkZBZHJpbmFfUmVzb3J0Lmh0bWwlM0ZzJTNEcGFubzEwJTI2c2tpcGludHJvJTNEdHJ1ZSUyMiUyMHdpZHRoJTNEJTIyMTAwJTI1JTIyJTIwaGVpZ2h0JTNEJTIyNTAwcHglMjIlNUQ=[\/vc_raw_html][\/vc_column_inner][\/vc_row_inner][\/vc_column][vc_column width=&#8221;1\/3&#8243;][vc_row_inner][vc_column_inner]<div style=\"background-color:;height: 20px\" class=\"nicdark_section  \"><\/div> <h5 style=\"color:#7f7f7f;padding:px;text-align:center;font-size:12px;line-height:12px;letter-spacing: 2px;font-weight:lighter\" class=\"   nd_options_second_font \">CONTACT<\/h5> <div style=\"background-color:;height: 10px\" class=\"nicdark_section  \"><\/div> <h2 style=\"color:#7f7f7f;padding:px;text-align:center;font-size:25px;line-height:25px;letter-spacing: px;font-weight:normal\" class=\"   nd_options_first_font \">Get In Touch<\/h2> <div style=\"background-color:;height: 20px\" class=\"nicdark_section  \"><\/div>[\/vc_column_inner][\/vc_row_inner][vc_row_inner][vc_column_inner offset=&#8221;vc_col-sm-offset-0&#8243;][vc_acf field_group=&#8221;5350&#8243; field_from_5350=&#8221;field_5fdf374edaf2d&#8221; field_from_2263=&#8221;field_5fccad849934f&#8221;][\/vc_column_inner][\/vc_row_inner][\/vc_column][\/vc_row][vc_row][vc_column]<div style=\"background-color:;height: 40px\" class=\"nicdark_section  \"><\/div>[\/vc_column][\/vc_row]<\/p>\n","protected":false},"excerpt":{"rendered":"<p>[vc_row][vc_column][\/vc_column][\/vc_row][vc_row css_animation=&#8221;fadeInUp&#8221;][vc_column width=&#8221;2\/3&#8243;][vc_row_inner][vc_column_inner][vc_column_text] ATT KOMMA HIT [\/vc_column_text][vc_column_text]Hur f\u00e5r man till Skopelos \u2013 Information \u2013 Transport[\/vc_column_text][\/vc_column_inner][\/vc_row_inner][vc_row_inner][vc_column_inner css=&#8221;.vc_custom_1607330987558{padding-top: 30px !important;padding-right: 30px !important;padding-bottom: 15px !important;padding-left: 30px !important;background-color: #ffffff !important;}&#8221; offset=&#8221;vc_col-xs-12&#8243;][vc_column_text el_class=&#8221;hotel-text&#8221;]Anv\u00e4ndbara Resetips a ) F\u00f6retag Fartyg kommunicera sina v\u00e4gar varje \u00e5r efter den 1 maj och slutf\u00f6ra de f\u00f6rsta 10 dagarna i juni. M\u00e5nga resen\u00e4rer till Skopelos och [&hellip;]<\/p>\n","protected":false},"author":1,"featured_media":0,"parent":0,"menu_order":0,"comment_status":"closed","ping_status":"closed","template":"","meta":[],"_links":{"self":[{"href":"https:\/\/adrinaresort.com\/sv\/wp-json\/wp\/v2\/pages\/4345"}],"collection":[{"href":"https:\/\/adrinaresort.com\/sv\/wp-json\/wp\/v2\/pages"}],"about":[{"href":"https:\/\/adrinaresort.com\/sv\/wp-json\/wp\/v2\/types\/page"}],"author":[{"embeddable":true,"href":"https:\/\/adrinaresort.com\/sv\/wp-json\/wp\/v2\/users\/1"}],"replies":[{"embeddable":true,"href":"https:\/\/adrinaresort.com\/sv\/wp-json\/wp\/v2\/comments?post=4345"}],"version-history":[{"count":0,"href":"https:\/\/adrinaresort.com\/sv\/wp-json\/wp\/v2\/pages\/4345\/revisions"}],"wp:attachment":[{"href":"https:\/\/adrinaresort.com\/sv\/wp-json\/wp\/v2\/media?parent=4345"}],"curies":[{"name":"wp","href":"https:\/\/api.w.org\/{rel}","templated":true}]}}