{"id":4332,"date":"2020-12-15T14:55:27","date_gmt":"2020-12-15T12:55:27","guid":{"rendered":"https:\/\/adrinaresort.com\/skopelos-hotels-getting-here\/"},"modified":"2021-02-07T12:06:13","modified_gmt":"2021-02-07T10:06:13","slug":"skopelos-hotele-jak-dojechac","status":"publish","type":"page","link":"https:\/\/adrinaresort.com\/pl\/skopelos-hotele-jak-dojechac\/","title":{"rendered":"JAK DOJECHA\u0106"},"content":{"rendered":"<p>[vc_row][vc_column]\n\t\t\t<!-- START GETTING HERE REVOLUTION SLIDER 6.2.23 --><p class=\"rs-p-wp-fix\"><\/p>\n\t\t\t<rs-module-wrap id=\"rev_slider_39_1_wrapper\" data-source=\"gallery\" style=\"background:transparent;padding:0;margin:0px auto;margin-top:0;margin-bottom:0;\">\n\t\t\t\t<rs-module id=\"rev_slider_39_1\" style=\"\" data-version=\"6.2.23\">\n\t\t\t\t\t<rs-slides>\n\t\t\t\t\t\t<rs-slide data-key=\"rs-202\" data-thumb=\"\/\/adrinaresort.com\/wp-content\/uploads\/facilities\/getting_here\/skopelos-hotels-adrina-hotels-26-100x50.jpg\" data-anim=\"ei:d;eo:d;s:800;r:0;t:fade;sl:d;\">\n\t\t\t\t\t\t\t<img src=\"\/\/adrinaresort.com\/wp-content\/uploads\/facilities\/getting_here\/skopelos-hotels-adrina-hotels-26.jpg\" data-parallax=\"8\" class=\"rev-slidebg\" data-no-retina>\n<!---->\t\t\t\t\t\t<\/rs-slide>\n\t\t\t\t\t\t<rs-slide data-key=\"rs-207\" data-thumb=\"\/\/adrinaresort.com\/wp-content\/uploads\/facilities\/getting_here\/skopelos-hotels-adrina-hotels-18-100x50.jpg\" data-anim=\"ei:d;eo:d;s:800;r:0;t:fade;sl:d;\">\n\t\t\t\t\t\t\t<img src=\"\/\/adrinaresort.com\/wp-content\/uploads\/facilities\/getting_here\/skopelos-hotels-adrina-hotels-18.jpg\" data-parallax=\"8\" class=\"rev-slidebg\" data-no-retina>\n<!---->\t\t\t\t\t\t<\/rs-slide>\n\t\t\t\t\t\t<rs-slide data-key=\"rs-208\" data-thumb=\"\/\/adrinaresort.com\/wp-content\/uploads\/facilities\/getting_here\/skopelos-hotels-adrina-hotels-15.jpg\" data-anim=\"ei:d;eo:d;s:800;r:0;t:fade;sl:d;\">\n\t\t\t\t\t\t\t<img src=\"\/\/adrinaresort.com\/wp-content\/uploads\/facilities\/getting_here\/skopelos-hotels-adrina-hotels-15.jpg\" data-parallax=\"8\" class=\"rev-slidebg\" data-no-retina>\n<!---->\t\t\t\t\t\t<\/rs-slide>\n\t\t\t\t\t<\/rs-slides>\n\t\t\t\t\t<rs-static-layers><!--\n\n\t\t\t\t\t\t\t--><rs-layer\n\t\t\t\t\t\t\t\tid=\"slider-39-slide-36-layer-0\" \n\t\t\t\t\t\t\t\tclass=\"rev-scroll-btn rev-b-span-light rs-layer-static\"\n\t\t\t\t\t\t\t\tdata-type=\"button\"\n\t\t\t\t\t\t\t\tdata-xy=\"x:c;yo:691px,661px,870px,602px;\"\n\t\t\t\t\t\t\t\tdata-text=\"w:normal;s:17,14,10,9;l:20,16,12,10;ls:1,0,0,0;\"\n\t\t\t\t\t\t\t\tdata-dim=\"w:35px,28px,21px,15px;h:55px,45px,34px,28px;minw:35px,none,none,none;minh:55px,none,none,none;\"\n\t\t\t\t\t\t\t\tdata-actions='o:click;a:scrollbelow;sp:1000ms;e:power1.inOut;'\n\t\t\t\t\t\t\t\tdata-rsp_bd=\"off\"\n\t\t\t\t\t\t\t\tdata-onslides=\"s:1;\"\n\t\t\t\t\t\t\t\tdata-padding=\"t:22,18,14,13;r:14,12,9,9;b:22,18,14,13;l:14,12,9,9;\"\n\t\t\t\t\t\t\t\tdata-border=\"bos:solid;boc:rgba(255,255,255,0.75);bow:3px,3px,3px,3px;bor:23px,23px,23px,23px;\"\n\t\t\t\t\t\t\t\tdata-frame_0=\"x:0,0,0,0px;y:0,0,0,0px;\"\n\t\t\t\t\t\t\t\tdata-frame_1=\"x:0,0,0,0px;y:0,0,0,0px;\"\n\t\t\t\t\t\t\t\tdata-frame_999=\"o:0;st:w;\"\n\t\t\t\t\t\t\t\tstyle=\"z-index:5;font-family:Roboto;text-transform:uppercase;\"\n\t\t\t\t\t\t\t><span><\/span><span><\/span><span><\/span> \n\t\t\t\t\t\t\t<\/rs-layer><!--\n\t\t\t\t\t--><\/rs-static-layers>\n\t\t\t\t<\/rs-module>\n\t\t\t\t<script type=\"text\/javascript\">\n\t\t\t\t\tsetREVStartSize({c: 'rev_slider_39_1',rl:[1240,1024,778,480],el:[800,768,960,720],gw:[1240,1024,778,480],gh:[800,768,960,720],type:'standard',justify:'',layout:'fullwidth',mh:\"0\"});\n\t\t\t\t\tvar\trevapi39,\n\t\t\t\t\t\ttpj;\n\t\t\t\t\tfunction revinit_revslider391() {\n\t\t\t\t\tjQuery(function() {\n\t\t\t\t\t\ttpj = jQuery;\n\t\t\t\t\t\trevapi39 = tpj(\"#rev_slider_39_1\");\n\t\t\t\t\t\tif(revapi39==undefined || revapi39.revolution == undefined){\n\t\t\t\t\t\t\trevslider_showDoubleJqueryError(\"rev_slider_39_1\");\n\t\t\t\t\t\t}else{\n\t\t\t\t\t\t\trevapi39.revolution({\n\t\t\t\t\t\t\t\tsliderLayout:\"fullwidth\",\n\t\t\t\t\t\t\t\tvisibilityLevels:\"1240,1024,778,480\",\n\t\t\t\t\t\t\t\tgridwidth:\"1240,1024,778,480\",\n\t\t\t\t\t\t\t\tgridheight:\"800,768,960,720\",\n\t\t\t\t\t\t\t\tspinner:\"spinner3\",\n\t\t\t\t\t\t\t\tperspective:600,\n\t\t\t\t\t\t\t\tperspectiveType:\"local\",\n\t\t\t\t\t\t\t\teditorheight:\"800,768,960,720\",\n\t\t\t\t\t\t\t\tresponsiveLevels:\"1240,1024,778,480\",\n\t\t\t\t\t\t\t\tprogressBar:{disableProgressBar:true},\n\t\t\t\t\t\t\t\tnavigation: {\n\t\t\t\t\t\t\t\t\tkeyboardNavigation:true,\n\t\t\t\t\t\t\t\t\tonHoverStop:false,\n\t\t\t\t\t\t\t\t\ttouch: {\n\t\t\t\t\t\t\t\t\t\ttouchenabled:true,\n\t\t\t\t\t\t\t\t\t\ttouchOnDesktop:true\n\t\t\t\t\t\t\t\t\t},\n\t\t\t\t\t\t\t\t\tarrows: {\n\t\t\t\t\t\t\t\t\t\tenable:true,\n\t\t\t\t\t\t\t\t\t\tstyle:\"uranus\",\n\t\t\t\t\t\t\t\t\t\tleft: {\n\n\t\t\t\t\t\t\t\t\t\t},\n\t\t\t\t\t\t\t\t\t\tright: {\n\n\t\t\t\t\t\t\t\t\t\t}\n\t\t\t\t\t\t\t\t\t},\n\t\t\t\t\t\t\t\t\tbullets: {\n\t\t\t\t\t\t\t\t\t\tenable:true,\n\t\t\t\t\t\t\t\t\t\ttmp:\"\",\n\t\t\t\t\t\t\t\t\t\tstyle:\"bullet-bar\",\n\t\t\t\t\t\t\t\t\t\tv_offset:30\n\t\t\t\t\t\t\t\t\t}\n\t\t\t\t\t\t\t\t},\n\t\t\t\t\t\t\t\tparallax: {\n\t\t\t\t\t\t\t\t\tlevels:[5,10,15,20,25,30,35,40,45,46,47,48,49,50,51,55],\n\t\t\t\t\t\t\t\t\ttype:\"scroll\",\n\t\t\t\t\t\t\t\t\torigo:\"slidercenter\"\n\t\t\t\t\t\t\t\t},\n\t\t\t\t\t\t\t\tfallbacks: {\n\t\t\t\t\t\t\t\t\tallowHTML5AutoPlayOnAndroid:true\n\t\t\t\t\t\t\t\t},\n\t\t\t\t\t\t\t});\n\t\t\t\t\t\t\tvar ua = window.navigator.userAgent;\nvar msie = ua.indexOf(\"MSIE \");\n\nif(msie > 0 || !!navigator.userAgent.match(\/Trident.*rv\\:11\\.\/) || ('CSS' in window && 'supports' in window.CSS && !window.CSS.supports('mix-blend-mode', 'screen'))) {\n \n var bgColor = 'rgba(245, 245, 245, 0.5)';\n \/\/jQuery('.rev_slider .rs-layer[data-blendmode]').removeAttr('data-blendmode').css('background', bgColor);\n jQuery('.rev_slider .rs-layer[data-blendmode]').remove();\n}\n\t\t\t\t\t\t}\n\t\t\t\t\t\t\n\t\t\t\t\t});\n\t\t\t\t\t} \/\/ End of RevInitScript\n\t\t\t\tvar once_revslider391 = false;\n\t\t\t\tif (document.readyState === \"loading\") {document.addEventListener('readystatechange',function() { if((document.readyState === \"interactive\" || document.readyState === \"complete\") && !once_revslider391 ) { once_revslider391 = true; revinit_revslider391();}});} else {once_revslider391 = true; revinit_revslider391();}\n\t\t\t\t<\/script>\n\t\t\t\t<script>\n\t\t\t\t\tvar htmlDivCss = '\t#rev_slider_39_1_wrapper rs-loader.spinner3 div { background-color: #FFFFFF !important; } ';\n\t\t\t\t\tvar htmlDiv = document.getElementById('rs-plugin-settings-inline-css');\n\t\t\t\t\tif(htmlDiv) {\n\t\t\t\t\t\thtmlDiv.innerHTML = htmlDiv.innerHTML + htmlDivCss;\n\t\t\t\t\t}else{\n\t\t\t\t\t\tvar htmlDiv = document.createElement('div');\n\t\t\t\t\t\thtmlDiv.innerHTML = '<style>' + htmlDivCss + '<\/style>';\n\t\t\t\t\t\tdocument.getElementsByTagName('head')[0].appendChild(htmlDiv.childNodes[0]);\n\t\t\t\t\t}\n\t\t\t\t<\/script>\n\t\t\t\t<script>\n\t\t\t\t\tvar htmlDivCss = unescape(\"%23rev_slider_39_1_wrapper%20.uranus.tparrows%20%7B%0A%20%20width%3A50px%3B%0A%20%20height%3A50px%3B%0A%20%20background%3Argba%28255%2C255%2C255%2C0%29%3B%0A%20%7D%0A%20%23rev_slider_39_1_wrapper%20.uranus.tparrows%3Abefore%20%7B%0A%20width%3A50px%3B%0A%20height%3A50px%3B%0A%20line-height%3A50px%3B%0A%20font-size%3A40px%3B%0A%20transition%3Aall%200.3s%3B%0A-webkit-transition%3Aall%200.3s%3B%0A%20%7D%0A%20%0A%20%20%23rev_slider_39_1_wrapper%20.uranus.tparrows%3Ahover%3Abefore%20%7B%0A%20%20%20%20opacity%3A0.75%3B%0A%20%20%7D%0A.bullet-bar.tp-bullets%20%7B%0A%7D%0A.bullet-bar.tp-bullets%3Abefore%20%7B%0A%09content%3A%22%20%22%3B%0A%09position%3Aabsolute%3B%0A%09width%3A100%25%3B%0A%09height%3A100%25%3B%0A%09background%3Atransparent%3B%0A%09padding%3A10px%3B%0A%09margin-left%3A-10px%3Bmargin-top%3A-10px%3B%0A%09box-sizing%3Acontent-box%3B%0A%7D%0A.bullet-bar%20.tp-bullet%20%7B%0A%09width%3A60px%3B%0A%09height%3A3px%3B%0A%09position%3Aabsolute%3B%0A%09background%3A%23aaa%3B%0A%20%20%20%20background%3Argba%28204%2C204%2C204%2C0.5%29%3B%0A%09cursor%3A%20pointer%3B%0A%09box-sizing%3Acontent-box%3B%0A%7D%0A.bullet-bar%20.tp-bullet%3Ahover%2C%0A.bullet-bar%20.tp-bullet.selected%20%7B%0A%09%20background%3Argba%28204%2C204%2C204%2C1%29%3B%0A%7D%0A.bullet-bar%20.tp-bullet-image%20%7B%0A%7D%0A.bullet-bar%20.tp-bullet-title%20%7B%0A%7D%0A%0A\");\n\t\t\t\t\tvar htmlDiv = document.getElementById('rs-plugin-settings-inline-css');\n\t\t\t\t\tif(htmlDiv) {\n\t\t\t\t\t\thtmlDiv.innerHTML = htmlDiv.innerHTML + htmlDivCss;\n\t\t\t\t\t}else{\n\t\t\t\t\t\tvar htmlDiv = document.createElement('div');\n\t\t\t\t\t\thtmlDiv.innerHTML = '<style>' + htmlDivCss + '<\/style>';\n\t\t\t\t\t\tdocument.getElementsByTagName('head')[0].appendChild(htmlDiv.childNodes[0]);\n\t\t\t\t\t}\n\t\t\t\t<\/script>\n\t\t\t\t<script>\n\t\t\t\t\tvar htmlDivCss = unescape(\"%0A%0A%0A%0A%0A%0A\");\n\t\t\t\t\tvar htmlDiv = document.getElementById('rs-plugin-settings-inline-css');\n\t\t\t\t\tif(htmlDiv) {\n\t\t\t\t\t\thtmlDiv.innerHTML = htmlDiv.innerHTML + htmlDivCss;\n\t\t\t\t\t}else{\n\t\t\t\t\t\tvar htmlDiv = document.createElement('div');\n\t\t\t\t\t\thtmlDiv.innerHTML = '<style>' + htmlDivCss + '<\/style>';\n\t\t\t\t\t\tdocument.getElementsByTagName('head')[0].appendChild(htmlDiv.childNodes[0]);\n\t\t\t\t\t}\n\t\t\t\t<\/script>\n\t\t\t<\/rs-module-wrap>\n\t\t\t<!-- END REVOLUTION SLIDER -->\n<div style=\"background-color:;height: 25px\" class=\"nicdark_section  \"><\/div>[\/vc_column][\/vc_row][vc_row css_animation=&#8221;fadeInUp&#8221;][vc_column width=&#8221;2\/3&#8243;][vc_row_inner][vc_column_inner][vc_column_text]<\/p>\n<h1>JAK DOJECHA\u0106<\/h1>\n<div id=\"gtx-trans\" style=\"position: absolute; left: 135px; top: -10px;\">\n<div class=\"gtx-trans-icon\"><\/div>\n<\/div>\n<p>[\/vc_column_text]<div style=\"background-color:;height: 25px\" class=\"nicdark_section  \"><\/div>[vc_column_text]Wa\u017cne Informacje Dla Podr\u00f3\u017cnych[\/vc_column_text][\/vc_column_inner][\/vc_row_inner][vc_row_inner][vc_column_inner css=&#8221;.vc_custom_1607330987558{padding-top: 30px !important;padding-right: 30px !important;padding-bottom: 15px !important;padding-left: 30px !important;background-color: #ffffff !important;}&#8221; offset=&#8221;vc_col-xs-12&#8243;][vc_column_text el_class=&#8221;hotel-text&#8221;]a) Firmy Promowe og\u0142aszaj\u0105 list\u0119 po\u0142\u0105cze\u0144 promowych ka\u017cdego roku po dniu 1 maja, a ostateczn\u0105, doprecyzowan\u0105 wersj\u0119 po\u0142\u0105cze\u0144 og\u0142aszaj\u0105 do dnia 10 czerwca. Wielu podr\u00f3\u017cuj\u0105cych na wyspy: Skopelos i Alonnisos robi rezerwacje dotycz\u0105ce pobytu odpowiednio wcze\u015bnie, a nastepnie w okresie maj \u2013 czerwiec dokonuj\u0105 zakupu bilet\u00f3w przez internet.<\/p>\n<p>b) W okresie od 15 czerwca do 15 wrze\u015bnia najlepszym sposobem (i jednocze\u015bnie najdro\u017cszym) dojazdu na wysp\u0119 Skopelos, jest przylot samolotem na wysp\u0119 Skiathos, dojazd taks\u00f3wk\u0105 do portu (5 minut), a nast\u0119pnie dop\u0142yni\u0119cie statkiem na Skopelos. Nie musicie Pa\u0144stwo rezerwowa\u0107 wcze\u015bniej taks\u00f3wki na wyspie Skiathos. Najlepiej jest znale\u017a\u0107 jak najwcze\u015bniejszy lot na Skiathos i jak najp\u00f3\u017aniejszy lot powrotny, w\u00f3wczas s\u0105 wi\u0119ksze szanse na znalezienie wygodnego po\u0142\u0105czenia promowego mi\u0119dzy wyspami.Mo\u017cecie Pa\u0144stwo wcze\u015bniej zarezerwowa\u0107 taks\u00f3wk\u0119 morsk\u0105 ze Skiathos na Skopelos. Kosztuje 150,0 euro dla 1-4 os\u00f3b, za ka\u017cd\u0105 dodatkow\u0105 osob\u0119 dop\u0142ata wynosi 20 euro. Podr\u00f3\u017c do hotelu Adrina trwa 20-25 minut.[\/vc_column_text][\/vc_column_inner][\/vc_row_inner]<div style=\"background-color:;height: 20px\" class=\"nicdark_section  \"><\/div>[vc_toggle title=&#8221;CZYTAJ WI\u0118CEJ&#8221;]W tym celu mo\u017cecie Pa\u0144stwo zadzwoni\u0107 do Dimitrios\u2019a na nr telefon\u00f3w: +30 6980200200 lub +30 6976806938. Dimitrios mo\u017ce r\u00f3wnie\u017c zarezerwowa\u0107 taks\u00f3wk\u0119, kt\u00f3ra b\u0119dzie czeka\u0142a na lotnisku i zawiezie Pa\u0144stwa do punktu taks\u00f3wek morskich. Op\u0142ata za taks\u00f3wk\u0119 zarezerwowan\u0105 wynosi 12,00 euro, a bez rezerwacji 8,00-9,00 euro.<\/p>\n<p>c) Je\u017celi zamierzacie Pa\u0144stwo podr\u00f3\u017cowa\u0107 w miesi\u0105cach lipiec \u2013 sierpie\u0144, w\u00f3wczas sugerujemy wykupienie r\u00f3wnie\u017c bilet\u00f3w powrotnych. Zaznaczamy, \u017ce zmiany w rezerwacji wi\u0105\u017c\u0105 si\u0119 z dodatkow\u0105 op\u0142at\u0105 i nale\u017cy liczy\u0107 si\u0119 z mo\u017cliwo\u015bci\u0105 braku miejsc na wskazane daty.<\/p>\n<p>d) Wyspa Skopelos ma dwa porty: Glossa (inaczej Loutraki) i Skopelos (Hora). Ceny bilet\u00f3w w obu portach r\u00f3\u017cni\u0105 si\u0119, pomimo jednakowej odleg\u0142o\u015bci od hoteli: Adrina Beach i Adrina Resort. Radzimy wybra\u0107 port w Glossa, kt\u00f3ry jest pierwszym przystankiem na wyspie.<\/p>\n<p>e) Z miejscowo\u015bci Agios Konstantinos i Volos do portu w Glossa istniej\u0105 codzienne po\u0142\u0105czenia. Zim\u0105 zazwyczaj nie ma po\u0142\u0105cze\u0144 codziennych, nie ma te\u017c statku z Agios Konstantinos.<\/p>\n<p>f) Je\u017celi podr\u00f3\u017cujecie Pa\u0144stwo z Aten, mo\u017cecie wyp\u0142yn\u0105\u0107 z nast\u0119puj\u0105cych port\u00f3w:<\/p>\n<p>1. Agios Konstantinos<\/p>\n<p>2. Mantoudi na p\u00f3\u0142wyspie Evia (Eubea)<\/p>\n<p>3. Kimi na p\u00f3\u0142wyspie Evia (Eubea)<\/p>\n<p>f 1) Z Agios Konstantinos codziennie wyp\u0142ywaj\u0105 promy ekspresowe i zwyk\u0142e statki firmy Hellenic Seaways oraz Aegean Flying Dolphins.<\/p>\n<p>Biuro turystyczne Alkyon Travel (Ateny, Platia Kaningos, ul. Akadimias 97, tel: +30 2103832545) mo\u017ce Pa\u0144stwu pom\u00f3c w zakupie bilet\u00f3w na statki Hellenic Seaways, a biuro Jeta Tours (Ateny, Syntagma, ul. Nikis 54, tel: +30 2103227353) w zakupie bilet\u00f3w na statki nale\u017c\u0105ce do Aegean Flying Dolphins.Obydwa biura maj\u0105 autobusy, dowo\u017c\u0105ce klient\u00f3w do portu.W sytuacji, gdy nie chcecie Pa\u0144stwo jecha\u0107 do centrum Aten w celu zakupu bilet\u00f3w z odpowiednim wyprzedzeniem czasowym, proponujemy kontakt z biurami turystycznymi, maj\u0105cymi swoje siedziby w m. Agios Konstantinos (Alkyon Travel, +30 2235031989, Bilalis Travel, +30 2235031874 lub \u2026\u2026) w celu dokonania rezerwacji bilet\u00f3w. Wymienione biura mog\u0105 powiadomi\u0107 biuro w Atenach o Pa\u0144stwa ewentualnym zamiarze dojazdu autobusem do Agios Konstantinos z placu Kaningos lub Syntagma. Prawdopodobnie (nale\u017cy potwierdzi\u0107) istnieje mo\u017cliwo\u015b\u0107 wej\u015bcia do autobusu na przystanku Stasi Kaliftaki na autostradzie, co by\u0142oby wygodne dla os\u00f3b, przebywaj\u0105cych w p\u00f3\u0142nocnych dzielnicach Aten.<\/p>\n<p>Je\u017celi chcieliby\u015bcie Pa\u0144stwo przyjecha\u0107 z Salonik do Volos (i z powrotem), radzimy wynaj\u0119cie samochodu lub busa na stronie www.avis.gr. Po wcze\u015bniejszym uzgodnieniu, mo\u017cna pozostawi\u0107 pojazd na miejscu u lokalnego wsp\u00f3\u0142pracownika.<\/p>\n<p>f2) Z miejscowo\u015bci Mantoudi na p\u00f3\u0142wyspie Evia (Eubea) wyp\u0142ywa statek armatora ANES. Do portu Mantoudi mo\u017cna dojecha\u0107 z Aten autobusem.<\/p>\n<p>f3) Z miejscowo\u015bci Kimi na p\u00f3\u0142wyspie Evia wyp\u0142ywa statek armatora SNE<\/p>\n<p>Je\u017celi podr\u00f3\u017cujecie Pa\u0144stwo samochodem, mo\u017cecie wykupi\u0107 swoje bilety zaraz po przyje\u017adzie,w biurach, maj\u0105cych swoj\u0105 siedzib\u0119 w Agios Konstantinos.<\/p>\n<p>g) Lajlepsz\u0105 wersj\u0105 podr\u00f3\u017cy z Salonik jest wyp\u0142yni\u0119cie z portu w Volos, sk\u0105d s\u0105 codzienne po\u0142\u0105czenia na archipelag Sporady (zima-lato). Je\u017celi chcieliby\u015bcie Pa\u0144stwo przyjecha\u0107 z Salonik do Volos (i z powrotem), radzimy wynaj\u0119cie samochodu lub busa na stronie www.avis.gr. Po wcze\u015bniejszym uzgodnieniu, mo\u017cna pozostawi\u0107 pojazd na miejscu u lokalnego wsp\u00f3\u0142pracownika.<\/p>\n<p>h) Je\u017celi wybior\u0105 Pa\u0144stwo jazd\u0119 poci\u0105giem na trasie Saloniki \u2013 Volos, zdecydowanie radzimy skorzysta\u0107 z przejazd\u00f3w Intercity !!! Tylko IC zawiezie Pa\u0144stwa do punktu docelowego, bez przystank\u00f3w i dodatkowych op\u0142at.<\/p>\n<p>i) W zimie brak jest po\u0142\u0105cze\u0144 portowych z Agios Konstantinos, Kimi i niekiedy z Mantoudi. Je\u017celi zamierzacie Pa\u0144stwo przyjecha\u0107 na Sporady w\u0142asnym samochodem, w\u00f3wczas nale\u017cy dojecha\u0107 do portu w m. Volos. Z portu w Agios Konstantinos zmniejsza si\u0119 liczba tras prom\u00f3w ekspresowych do 2-3 w tygodniu.<\/p>\n<p><strong>Dojazd z innych kraj\u00f3w<\/strong><\/p>\n<p>a) lot czarterowy na wysp\u0119 Skiathos \u2014 dojazd taks\u00f3wk\u0105 do portu na wyspie Skiathos (5 minut) \u2014 prom lub wodolot na wysp\u0119 Skopelos,<\/p>\n<p>b) lot czarterowy lub rejsowy do Aten \u2014 lot krajowy na wysp\u0119 Skiathos (35 minut) \u2014 dojazd taks\u00f3wk\u0105 z lotniska do portu na wyspie Skiathos (5 minut) \u2014 wodolot do portu w Glossa (20 minut) lub Skopelos (45 minut),<\/p>\n<p>g) lot czarterowy lub rejsowy do Aten \u2014 dojazd taks\u00f3wk\u0105 do biura Alkyon Travel, ul. Akadimias 97 (pod tym adresem znajduje si\u0119 biuro linii Minoan Lines, sk\u0105d odje\u017cd\u017ca autokar do portu w Agios Konstantinos) \u2014 prom lub wodolot na wyspy Skiathos\u2014Skopelos\u2014Alonisos,<\/p>\n<p>d) lot czarterowy lub rejsowy do Salonik \u2014 dojazd autobusem lub taks\u00f3wk\u0105 do portu w Salonikach \u2014 prom lub wodolot na wyspy Skiathos\u2014Skopelos,<\/p>\n<p>e) lot czarterowy lub rejsowy do Salonik \u2014 dojazd autobusem lub poci\u0105giem do portu w Wolos \u2014 prom lub wodolot na wyspy Skiathos\u2014Skopelos,<\/p>\n<p>f) samochodem przez W\u0142ochy (do miejscowo\u015bci Patras lub Igumenitsa) \u2014 dojazd do portu w Agios Konstantinos \u2014 prom lub wodolot na wyspy Skiathos\u2014Skopelos\u2014Alonisos,<\/p>\n<p>g) samochodem przez W\u0142ochy (do miejscowo\u015bci Patras lub Igumenitsa) \u2014 dojazd do portu w Wolos \u2014 prom lub wodolot na wyspy Skiathos\u2014Skopelos\u2014Alonisos.<\/p>\n<p><strong>Jak dojecha\u0107 (z terenu Grecji)<\/strong><\/p>\n<p>a) Z Aten na wysp\u0119 Skiathos samolotem to rowi\u0105zanie najdro\u017csze, w zamian podr\u00f3\u017c jest kr\u00f3tka i trwa tylko 35-45 minut. Z portu na Skiathos (5 minut taks\u00f3wk\u0105 z lotniska) mo\u017cecie Pa\u0144stwo dop\u0142yn\u0105\u0107 promem ekspresowym lub statkiem do portu Glossa \u2013 Skopelos<\/p>\n<p>b) Z Aten do Agios Konstantinos: Autobusem lub taks\u00f3wk\u0105 do biura Alkyon Travel, ul. Akadimias 97, Platia Kaningos, albo do biura Jeta Tours, ul. Nikis 54, Syntagma. Autobusem do Agios Konstantinos, stamt\u0105d promami\/statkami na Sporady.<\/p>\n<p>c) Z Aten do Mantoudi (Evia): Autobusem z Aten do Mantoudi, potem statkiem na Sporady.<\/p>\n<p>d) Z Aten do Volos samochodem (3 godziny i 30 minut) lub autobusem zamiejskim (4 godziny i 30 minut) \u2013 przesiadka na promy\/statki na Sporady.<\/p>\n<p>e) Z Aten do Volos poci\u0105giem (Intercity 4 godziny i 30 minut) \u2013 przesiadka na promy\/statki na Sporady.<\/p>\n<p>f) Z Salonik do Volos poci\u0105giem lub autobusem zamiejskim (3 godziny) \u2013 przesiadka na promy\/statki na Sporady.<\/p>\n<p>WI\u0118CEJ INFORMACJI MO\u017bNA ZNALE\u0179\u0106 NA STRONIE:<\/p>\n<p>www.skopelos.com[\/vc_toggle]<div style=\"background-color:;height: 35px\" class=\"nicdark_section  \"><\/div>[\/vc_column][vc_column width=&#8221;1\/3&#8243;][vc_single_image image=&#8221;16374&#8243; img_size=&#8221;medium&#8221; alignment=&#8221;center&#8221; onclick=&#8221;custom_link&#8221; link=&#8221;https:\/\/skopeloshotels-adrinaresort.reserve-online.net&#8221;]<div style=\"background-color:;height: 40px\" class=\"nicdark_section  \"><\/div>[\/vc_column][\/vc_row][vc_row full_width=&#8221;stretch_row_content&#8221;][vc_column offset=&#8221;vc_hidden-lg&#8221; css=&#8221;.vc_custom_1609750836761{padding-right: 5px !important;padding-left: 5px !important;}&#8221;][vc_raw_html]JTVCcGFubyUyMGZpbGUlM0QlMjJodHRwcyUzQSUyRiUyRmFkcmluYXJlc29ydC5jb20lMkYzNjAlMkZBZHJpbmFfUmVzb3J0Lmh0bWwlM0ZzJTNEcGFubzEwJTI2c2tpcGludHJvJTNEdHJ1ZSUyMiUyMHdpZHRoJTNEJTIyMTAwJTI1JTIyJTIwaGVpZ2h0JTNEJTIyNTAwcHglMjIlNUQ=[\/vc_raw_html]<div style=\"background-color:;height: 25px\" class=\"nicdark_section  \"><\/div>[\/vc_column][\/vc_row][vc_row css_animation=&#8221;fadeInUp&#8221;][vc_column width=&#8221;2\/3&#8243; offset=&#8221;vc_col-sm-offset-0&#8243;][vc_row_inner][vc_column_inner offset=&#8221;vc_hidden-md vc_hidden-sm vc_hidden-xs&#8221;][vc_raw_html]JTVCcGFubyUyMGZpbGUlM0QlMjJodHRwcyUzQSUyRiUyRmFkcmluYXJlc29ydC5jb20lMkYzNjAlMkZBZHJpbmFfUmVzb3J0Lmh0bWwlM0ZzJTNEcGFubzEwJTI2c2tpcGludHJvJTNEdHJ1ZSUyMiUyMHdpZHRoJTNEJTIyMTAwJTI1JTIyJTIwaGVpZ2h0JTNEJTIyNTAwcHglMjIlNUQ=[\/vc_raw_html][\/vc_column_inner][\/vc_row_inner][\/vc_column][vc_column width=&#8221;1\/3&#8243;][vc_row_inner][vc_column_inner]<div style=\"background-color:;height: 20px\" class=\"nicdark_section  \"><\/div> <h5 style=\"color:#7f7f7f;padding:px;text-align:center;font-size:12px;line-height:12px;letter-spacing: 2px;font-weight:lighter\" class=\"   nd_options_second_font \">CONTACT<\/h5> <div style=\"background-color:;height: 10px\" class=\"nicdark_section  \"><\/div> <h2 style=\"color:#7f7f7f;padding:px;text-align:center;font-size:25px;line-height:25px;letter-spacing: px;font-weight:normal\" class=\"   nd_options_first_font \">Get In Touch<\/h2> <div style=\"background-color:;height: 20px\" class=\"nicdark_section  \"><\/div>[\/vc_column_inner][\/vc_row_inner][vc_row_inner][vc_column_inner offset=&#8221;vc_col-sm-offset-0&#8243;][vc_acf field_group=&#8221;5320&#8243; field_from_5320=&#8221;field_5fdf374d1090c&#8221; field_from_2263=&#8221;field_5fccad849934f&#8221;][\/vc_column_inner][\/vc_row_inner][\/vc_column][\/vc_row][vc_row][vc_column]<div style=\"background-color:;height: 40px\" class=\"nicdark_section  \"><\/div>[\/vc_column][\/vc_row]<\/p>\n","protected":false},"excerpt":{"rendered":"<p>[vc_row][vc_column][\/vc_column][\/vc_row][vc_row css_animation=&#8221;fadeInUp&#8221;][vc_column width=&#8221;2\/3&#8243;][vc_row_inner][vc_column_inner][vc_column_text] JAK DOJECHA\u0106 [\/vc_column_text][vc_column_text]Wa\u017cne Informacje Dla Podr\u00f3\u017cnych[\/vc_column_text][\/vc_column_inner][\/vc_row_inner][vc_row_inner][vc_column_inner css=&#8221;.vc_custom_1607330987558{padding-top: 30px !important;padding-right: 30px !important;padding-bottom: 15px !important;padding-left: 30px !important;background-color: #ffffff !important;}&#8221; offset=&#8221;vc_col-xs-12&#8243;][vc_column_text el_class=&#8221;hotel-text&#8221;]a) Firmy Promowe og\u0142aszaj\u0105 list\u0119 po\u0142\u0105cze\u0144 promowych ka\u017cdego roku po dniu 1 maja, a ostateczn\u0105, doprecyzowan\u0105 wersj\u0119 po\u0142\u0105cze\u0144 og\u0142aszaj\u0105 do dnia 10 czerwca. Wielu podr\u00f3\u017cuj\u0105cych na wyspy: Skopelos i Alonnisos robi rezerwacje dotycz\u0105ce pobytu [&hellip;]<\/p>\n","protected":false},"author":1,"featured_media":0,"parent":0,"menu_order":0,"comment_status":"closed","ping_status":"closed","template":"","meta":[],"_links":{"self":[{"href":"https:\/\/adrinaresort.com\/pl\/wp-json\/wp\/v2\/pages\/4332"}],"collection":[{"href":"https:\/\/adrinaresort.com\/pl\/wp-json\/wp\/v2\/pages"}],"about":[{"href":"https:\/\/adrinaresort.com\/pl\/wp-json\/wp\/v2\/types\/page"}],"author":[{"embeddable":true,"href":"https:\/\/adrinaresort.com\/pl\/wp-json\/wp\/v2\/users\/1"}],"replies":[{"embeddable":true,"href":"https:\/\/adrinaresort.com\/pl\/wp-json\/wp\/v2\/comments?post=4332"}],"version-history":[{"count":0,"href":"https:\/\/adrinaresort.com\/pl\/wp-json\/wp\/v2\/pages\/4332\/revisions"}],"wp:attachment":[{"href":"https:\/\/adrinaresort.com\/pl\/wp-json\/wp\/v2\/media?parent=4332"}],"curies":[{"name":"wp","href":"https:\/\/api.w.org\/{rel}","templated":true}]}}