{"id":4350,"date":"2020-12-15T14:55:27","date_gmt":"2020-12-15T12:55:27","guid":{"rendered":"https:\/\/adrinaresort.com\/skopelos-hotels-getting-here\/"},"modified":"2021-02-07T12:05:15","modified_gmt":"2021-02-07T10:05:15","slug":"skopelos-hotellet-transport","status":"publish","type":"page","link":"https:\/\/adrinaresort.com\/no\/skopelos-hotellet-transport\/","title":{"rendered":"TRANSPORT"},"content":{"rendered":"<p>[vc_row][vc_column]\n\t\t\t<!-- START GETTING HERE REVOLUTION SLIDER 6.2.23 --><p class=\"rs-p-wp-fix\"><\/p>\n\t\t\t<rs-module-wrap id=\"rev_slider_39_1_wrapper\" data-source=\"gallery\" style=\"background:transparent;padding:0;margin:0px auto;margin-top:0;margin-bottom:0;\">\n\t\t\t\t<rs-module id=\"rev_slider_39_1\" style=\"\" data-version=\"6.2.23\">\n\t\t\t\t\t<rs-slides>\n\t\t\t\t\t\t<rs-slide data-key=\"rs-202\" data-thumb=\"\/\/adrinaresort.com\/wp-content\/uploads\/facilities\/getting_here\/skopelos-hotels-adrina-hotels-26-100x50.jpg\" data-anim=\"ei:d;eo:d;s:800;r:0;t:fade;sl:d;\">\n\t\t\t\t\t\t\t<img src=\"\/\/adrinaresort.com\/wp-content\/uploads\/facilities\/getting_here\/skopelos-hotels-adrina-hotels-26.jpg\" data-parallax=\"8\" class=\"rev-slidebg\" data-no-retina>\n<!---->\t\t\t\t\t\t<\/rs-slide>\n\t\t\t\t\t\t<rs-slide data-key=\"rs-207\" data-thumb=\"\/\/adrinaresort.com\/wp-content\/uploads\/facilities\/getting_here\/skopelos-hotels-adrina-hotels-18-100x50.jpg\" data-anim=\"ei:d;eo:d;s:800;r:0;t:fade;sl:d;\">\n\t\t\t\t\t\t\t<img src=\"\/\/adrinaresort.com\/wp-content\/uploads\/facilities\/getting_here\/skopelos-hotels-adrina-hotels-18.jpg\" data-parallax=\"8\" class=\"rev-slidebg\" data-no-retina>\n<!---->\t\t\t\t\t\t<\/rs-slide>\n\t\t\t\t\t\t<rs-slide data-key=\"rs-208\" data-thumb=\"\/\/adrinaresort.com\/wp-content\/uploads\/facilities\/getting_here\/skopelos-hotels-adrina-hotels-15.jpg\" data-anim=\"ei:d;eo:d;s:800;r:0;t:fade;sl:d;\">\n\t\t\t\t\t\t\t<img src=\"\/\/adrinaresort.com\/wp-content\/uploads\/facilities\/getting_here\/skopelos-hotels-adrina-hotels-15.jpg\" data-parallax=\"8\" class=\"rev-slidebg\" data-no-retina>\n<!---->\t\t\t\t\t\t<\/rs-slide>\n\t\t\t\t\t<\/rs-slides>\n\t\t\t\t\t<rs-static-layers><!--\n\n\t\t\t\t\t\t\t--><rs-layer\n\t\t\t\t\t\t\t\tid=\"slider-39-slide-36-layer-0\" \n\t\t\t\t\t\t\t\tclass=\"rev-scroll-btn rev-b-span-light rs-layer-static\"\n\t\t\t\t\t\t\t\tdata-type=\"button\"\n\t\t\t\t\t\t\t\tdata-xy=\"x:c;yo:691px,661px,870px,602px;\"\n\t\t\t\t\t\t\t\tdata-text=\"w:normal;s:17,14,10,9;l:20,16,12,10;ls:1,0,0,0;\"\n\t\t\t\t\t\t\t\tdata-dim=\"w:35px,28px,21px,15px;h:55px,45px,34px,28px;minw:35px,none,none,none;minh:55px,none,none,none;\"\n\t\t\t\t\t\t\t\tdata-actions='o:click;a:scrollbelow;sp:1000ms;e:power1.inOut;'\n\t\t\t\t\t\t\t\tdata-rsp_bd=\"off\"\n\t\t\t\t\t\t\t\tdata-onslides=\"s:1;\"\n\t\t\t\t\t\t\t\tdata-padding=\"t:22,18,14,13;r:14,12,9,9;b:22,18,14,13;l:14,12,9,9;\"\n\t\t\t\t\t\t\t\tdata-border=\"bos:solid;boc:rgba(255,255,255,0.75);bow:3px,3px,3px,3px;bor:23px,23px,23px,23px;\"\n\t\t\t\t\t\t\t\tdata-frame_0=\"x:0,0,0,0px;y:0,0,0,0px;\"\n\t\t\t\t\t\t\t\tdata-frame_1=\"x:0,0,0,0px;y:0,0,0,0px;\"\n\t\t\t\t\t\t\t\tdata-frame_999=\"o:0;st:w;\"\n\t\t\t\t\t\t\t\tstyle=\"z-index:5;font-family:Roboto;text-transform:uppercase;\"\n\t\t\t\t\t\t\t><span><\/span><span><\/span><span><\/span> \n\t\t\t\t\t\t\t<\/rs-layer><!--\n\t\t\t\t\t--><\/rs-static-layers>\n\t\t\t\t<\/rs-module>\n\t\t\t\t<script type=\"text\/javascript\">\n\t\t\t\t\tsetREVStartSize({c: 'rev_slider_39_1',rl:[1240,1024,778,480],el:[800,768,960,720],gw:[1240,1024,778,480],gh:[800,768,960,720],type:'standard',justify:'',layout:'fullwidth',mh:\"0\"});\n\t\t\t\t\tvar\trevapi39,\n\t\t\t\t\t\ttpj;\n\t\t\t\t\tfunction revinit_revslider391() {\n\t\t\t\t\tjQuery(function() {\n\t\t\t\t\t\ttpj = jQuery;\n\t\t\t\t\t\trevapi39 = tpj(\"#rev_slider_39_1\");\n\t\t\t\t\t\tif(revapi39==undefined || revapi39.revolution == undefined){\n\t\t\t\t\t\t\trevslider_showDoubleJqueryError(\"rev_slider_39_1\");\n\t\t\t\t\t\t}else{\n\t\t\t\t\t\t\trevapi39.revolution({\n\t\t\t\t\t\t\t\tsliderLayout:\"fullwidth\",\n\t\t\t\t\t\t\t\tvisibilityLevels:\"1240,1024,778,480\",\n\t\t\t\t\t\t\t\tgridwidth:\"1240,1024,778,480\",\n\t\t\t\t\t\t\t\tgridheight:\"800,768,960,720\",\n\t\t\t\t\t\t\t\tspinner:\"spinner3\",\n\t\t\t\t\t\t\t\tperspective:600,\n\t\t\t\t\t\t\t\tperspectiveType:\"local\",\n\t\t\t\t\t\t\t\teditorheight:\"800,768,960,720\",\n\t\t\t\t\t\t\t\tresponsiveLevels:\"1240,1024,778,480\",\n\t\t\t\t\t\t\t\tprogressBar:{disableProgressBar:true},\n\t\t\t\t\t\t\t\tnavigation: {\n\t\t\t\t\t\t\t\t\tkeyboardNavigation:true,\n\t\t\t\t\t\t\t\t\tonHoverStop:false,\n\t\t\t\t\t\t\t\t\ttouch: {\n\t\t\t\t\t\t\t\t\t\ttouchenabled:true,\n\t\t\t\t\t\t\t\t\t\ttouchOnDesktop:true\n\t\t\t\t\t\t\t\t\t},\n\t\t\t\t\t\t\t\t\tarrows: {\n\t\t\t\t\t\t\t\t\t\tenable:true,\n\t\t\t\t\t\t\t\t\t\tstyle:\"uranus\",\n\t\t\t\t\t\t\t\t\t\tleft: {\n\n\t\t\t\t\t\t\t\t\t\t},\n\t\t\t\t\t\t\t\t\t\tright: {\n\n\t\t\t\t\t\t\t\t\t\t}\n\t\t\t\t\t\t\t\t\t},\n\t\t\t\t\t\t\t\t\tbullets: {\n\t\t\t\t\t\t\t\t\t\tenable:true,\n\t\t\t\t\t\t\t\t\t\ttmp:\"\",\n\t\t\t\t\t\t\t\t\t\tstyle:\"bullet-bar\",\n\t\t\t\t\t\t\t\t\t\tv_offset:30\n\t\t\t\t\t\t\t\t\t}\n\t\t\t\t\t\t\t\t},\n\t\t\t\t\t\t\t\tparallax: {\n\t\t\t\t\t\t\t\t\tlevels:[5,10,15,20,25,30,35,40,45,46,47,48,49,50,51,55],\n\t\t\t\t\t\t\t\t\ttype:\"scroll\",\n\t\t\t\t\t\t\t\t\torigo:\"slidercenter\"\n\t\t\t\t\t\t\t\t},\n\t\t\t\t\t\t\t\tfallbacks: {\n\t\t\t\t\t\t\t\t\tallowHTML5AutoPlayOnAndroid:true\n\t\t\t\t\t\t\t\t},\n\t\t\t\t\t\t\t});\n\t\t\t\t\t\t\tvar ua = window.navigator.userAgent;\nvar msie = ua.indexOf(\"MSIE \");\n\nif(msie > 0 || !!navigator.userAgent.match(\/Trident.*rv\\:11\\.\/) || ('CSS' in window && 'supports' in window.CSS && !window.CSS.supports('mix-blend-mode', 'screen'))) {\n \n var bgColor = 'rgba(245, 245, 245, 0.5)';\n \/\/jQuery('.rev_slider .rs-layer[data-blendmode]').removeAttr('data-blendmode').css('background', bgColor);\n jQuery('.rev_slider .rs-layer[data-blendmode]').remove();\n}\n\t\t\t\t\t\t}\n\t\t\t\t\t\t\n\t\t\t\t\t});\n\t\t\t\t\t} \/\/ End of RevInitScript\n\t\t\t\tvar once_revslider391 = false;\n\t\t\t\tif (document.readyState === \"loading\") {document.addEventListener('readystatechange',function() { if((document.readyState === \"interactive\" || document.readyState === \"complete\") && !once_revslider391 ) { once_revslider391 = true; revinit_revslider391();}});} else {once_revslider391 = true; revinit_revslider391();}\n\t\t\t\t<\/script>\n\t\t\t\t<script>\n\t\t\t\t\tvar htmlDivCss = '\t#rev_slider_39_1_wrapper rs-loader.spinner3 div { background-color: #FFFFFF !important; } ';\n\t\t\t\t\tvar htmlDiv = document.getElementById('rs-plugin-settings-inline-css');\n\t\t\t\t\tif(htmlDiv) {\n\t\t\t\t\t\thtmlDiv.innerHTML = htmlDiv.innerHTML + htmlDivCss;\n\t\t\t\t\t}else{\n\t\t\t\t\t\tvar htmlDiv = document.createElement('div');\n\t\t\t\t\t\thtmlDiv.innerHTML = '<style>' + htmlDivCss + '<\/style>';\n\t\t\t\t\t\tdocument.getElementsByTagName('head')[0].appendChild(htmlDiv.childNodes[0]);\n\t\t\t\t\t}\n\t\t\t\t<\/script>\n\t\t\t\t<script>\n\t\t\t\t\tvar htmlDivCss = unescape(\"%23rev_slider_39_1_wrapper%20.uranus.tparrows%20%7B%0A%20%20width%3A50px%3B%0A%20%20height%3A50px%3B%0A%20%20background%3Argba%28255%2C255%2C255%2C0%29%3B%0A%20%7D%0A%20%23rev_slider_39_1_wrapper%20.uranus.tparrows%3Abefore%20%7B%0A%20width%3A50px%3B%0A%20height%3A50px%3B%0A%20line-height%3A50px%3B%0A%20font-size%3A40px%3B%0A%20transition%3Aall%200.3s%3B%0A-webkit-transition%3Aall%200.3s%3B%0A%20%7D%0A%20%0A%20%20%23rev_slider_39_1_wrapper%20.uranus.tparrows%3Ahover%3Abefore%20%7B%0A%20%20%20%20opacity%3A0.75%3B%0A%20%20%7D%0A.bullet-bar.tp-bullets%20%7B%0A%7D%0A.bullet-bar.tp-bullets%3Abefore%20%7B%0A%09content%3A%22%20%22%3B%0A%09position%3Aabsolute%3B%0A%09width%3A100%25%3B%0A%09height%3A100%25%3B%0A%09background%3Atransparent%3B%0A%09padding%3A10px%3B%0A%09margin-left%3A-10px%3Bmargin-top%3A-10px%3B%0A%09box-sizing%3Acontent-box%3B%0A%7D%0A.bullet-bar%20.tp-bullet%20%7B%0A%09width%3A60px%3B%0A%09height%3A3px%3B%0A%09position%3Aabsolute%3B%0A%09background%3A%23aaa%3B%0A%20%20%20%20background%3Argba%28204%2C204%2C204%2C0.5%29%3B%0A%09cursor%3A%20pointer%3B%0A%09box-sizing%3Acontent-box%3B%0A%7D%0A.bullet-bar%20.tp-bullet%3Ahover%2C%0A.bullet-bar%20.tp-bullet.selected%20%7B%0A%09%20background%3Argba%28204%2C204%2C204%2C1%29%3B%0A%7D%0A.bullet-bar%20.tp-bullet-image%20%7B%0A%7D%0A.bullet-bar%20.tp-bullet-title%20%7B%0A%7D%0A%0A\");\n\t\t\t\t\tvar htmlDiv = document.getElementById('rs-plugin-settings-inline-css');\n\t\t\t\t\tif(htmlDiv) {\n\t\t\t\t\t\thtmlDiv.innerHTML = htmlDiv.innerHTML + htmlDivCss;\n\t\t\t\t\t}else{\n\t\t\t\t\t\tvar htmlDiv = document.createElement('div');\n\t\t\t\t\t\thtmlDiv.innerHTML = '<style>' + htmlDivCss + '<\/style>';\n\t\t\t\t\t\tdocument.getElementsByTagName('head')[0].appendChild(htmlDiv.childNodes[0]);\n\t\t\t\t\t}\n\t\t\t\t<\/script>\n\t\t\t\t<script>\n\t\t\t\t\tvar htmlDivCss = unescape(\"%0A%0A%0A%0A%0A%0A\");\n\t\t\t\t\tvar htmlDiv = document.getElementById('rs-plugin-settings-inline-css');\n\t\t\t\t\tif(htmlDiv) {\n\t\t\t\t\t\thtmlDiv.innerHTML = htmlDiv.innerHTML + htmlDivCss;\n\t\t\t\t\t}else{\n\t\t\t\t\t\tvar htmlDiv = document.createElement('div');\n\t\t\t\t\t\thtmlDiv.innerHTML = '<style>' + htmlDivCss + '<\/style>';\n\t\t\t\t\t\tdocument.getElementsByTagName('head')[0].appendChild(htmlDiv.childNodes[0]);\n\t\t\t\t\t}\n\t\t\t\t<\/script>\n\t\t\t<\/rs-module-wrap>\n\t\t\t<!-- END REVOLUTION SLIDER -->\n<div style=\"background-color:;height: 25px\" class=\"nicdark_section  \"><\/div>[\/vc_column][\/vc_row][vc_row css_animation=&#8221;fadeInUp&#8221;][vc_column width=&#8221;2\/3&#8243;][vc_row_inner][vc_column_inner][vc_column_text]<\/p>\n<h2>TRANSPORT<\/h2>\n<div id=\"gtx-trans\" style=\"position: absolute; left: 135px; top: -10px;\">\n<div class=\"gtx-trans-icon\"><\/div>\n<\/div>\n<p>[\/vc_column_text]<div style=\"background-color:;height: 25px\" class=\"nicdark_section  \"><\/div>[vc_column_text]HVORDAN FINNER DU FRAM TIL ADRINA BEACH HOTEL[\/vc_column_text][\/vc_column_inner][\/vc_row_inner][vc_row_inner][vc_column_inner css=&#8221;.vc_custom_1607330987558{padding-top: 30px !important;padding-right: 30px !important;padding-bottom: 15px !important;padding-left: 30px !important;background-color: #ffffff !important;}&#8221; offset=&#8221;vc_col-xs-12&#8243;][vc_column_text el_class=&#8221;hotel-text&#8221;]<strong>HVORDAN DU KAN KOMME TIL \u00d8YA SKOPELOS- INFORMASJON- TRANSPORT<\/strong><\/p>\n<p>Gode reise tips<\/p>\n<p>a)Alle sj\u00f8farts selskap publiserer informasjon ang\u00e5ende reise ruter til Skopelos etter den 1.mai hvert \u00e5r men de blir ikke tilgjengelig inntill de f\u00f8rste ti dagene i juni. Mange reisende til Skopelos og Alonnisos forh\u00e5ndsbestiller billetter og printer dem ut online i l\u00f8pet av mai-juni tiden.<\/p>\n<p>b)Den beste men dyreste m\u00e5ten \u00e5 reise p\u00e5 til Skopelos \u2013 Alonnisos i perioden 15.06-15.09 er med fly til Skiathos og taxi fra Skiathos flyhavn til b\u00e5thavnen( turen tar ca 5 min med taxi) og derifra tar du b\u00e5t til Skopelos eller Alonnisos Det er ikke n\u00f8dvendig \u00e5 forh\u00e5ndsbestille drosjen fra Skiathos. Hvis man skal reise videre til Skopelos eller Alonnisos, m\u00e5 du passe p\u00e5 \u00e5 bestille en flyrute med en tidlig ankomst til Skiathos og en sen avgang fra Skiathos. Slik har du flere muligheter for \u00e5 n\u00e5 b\u00e5tenes forbindelser til begge \u00f8yer.[\/vc_column_text][\/vc_column_inner][\/vc_row_inner]<div style=\"background-color:;height: 20px\" class=\"nicdark_section  \"><\/div>[vc_toggle title=&#8221;LES MER&#8221;]Det er mulig \u00e5 bestille sj\u00f8drosje fra Skiathos til Skopelos. Den koster 150,00 euro for 1-4 personer og 20 euro for hver extra person utover dette. Reisen tar ca. 20-25 minutter til Skopelos (Glossa-Elios-Andrina-Panormo). Man kan ringe Herr Dimitris p\u00e5 mobil 6980200200 og 6976806938. Han er behjelpelig med \u00e5 bestille drosjen som skal ta deg fra flyplassen til havnen og ordne sj\u00f8drosjene.<\/p>\n<p>Flypassdrosjen koster 12.00 euro ved bestilling og 8.00-9.00 euro uten bestilling.<\/p>\n<p>c)Hvis du skal reise i l\u00f8pet av juli eller august , er det fornuftig \u00e5 bestille retur billetten din ogs\u00e5. Vi gj\u00f8r oppmerksom p\u00e5 at bytting av reise dato medf\u00f8rer en liten gebyr og det hender at det ikke finnes noe mulighet til \u00e5 forandre reise datoen grunnet den store ettersp\u00f8rselen p\u00e5 denne tiden av \u00e5ret.<\/p>\n<p>d)ya Skopelos har to havner- Glossa( Loutraki) og Skopelos (Xora). Det er viktig \u00e5 finne ut p\u00e5 forh\u00e5nd hvilken havn du ankommer, for \u00e5 komme til hotellet ditt. Det er forskjellige priser ettersom hvilken havn du skal av p\u00e5. Heldigvis spiller ingen roller hvilken havn du avstiger p\u00e5, siden Adrina Beach hotellet og Adrina Resort &amp; Spa hotell er like langt fra begge havnene. Det er likevel best \u00e5 stige av p\u00e5 Glossa havn siden den er den f\u00f8rste stoppeplass.<\/p>\n<p>e)Det finnes daglige avreiser fra Agios Konstantinos og fra Volos til Skiathos-Glossa-Skopelos-Alonnisos. Det finnes ikke daglige ruter i l\u00f8pet av vinter m\u00e5nedene og det g\u00e5r ikke noe b\u00e5ter fra Agios Konstantinos i l\u00f8pet av vinteren.<\/p>\n<p>f) Hvis du reiser via Athen, kan du reise til Skopelos fra f\u00f8lgende havner:<\/p>\n<p>i) Ag. Konstantinos,<\/p>\n<p>ii) Mantoudi, Evia,<\/p>\n<p>iii) Kimi, Evia<\/p>\n<p>f1) Det g\u00e5r daglige ruter fra Ag. Konstantinos med Hellenic Seaways eller Aegean Flying Dolphins med speedb\u00e5ter eller skip. For ruter som opereres av Hellenic Seaways kan du kontakte byr\u00e5et: Alkyon Travel, 97 Akademias st., Kanigos Square, +30 2103832545.\u00a0 For ruter som opereres av Aegean Flying Dolphins kan du kontakte byr\u00e5et: Jeta Tours, 54 Nikis st., Syntagma Square, +30 2103227353.\u00a0 Begge byr\u00e5ene tilbyr busstransport til havnen hvor skipet eller speedb\u00e5ten g\u00e5r fra. Hvis du ikke \u00f8nsker \u00e5 kj\u00f8pe billetter i sentrum av Athen (det er da n\u00f8dvendig at du dra til sentrum for \u00e5 hente billettene noen dager f\u00f8r avreise), foresl\u00e5r vi at du tar kontakt med byr\u00e5ene som holder til p\u00e5 havnen i Ag. Konstantinos for \u00e5 bestille billetter: Alkyon Travel, +30 2235031989 eller Bilalis Travel, +30 2235031874. Disse byr\u00e5ene kan kontakte byr\u00e5ene som holder til i Athen for \u00e5 ordne med bussbillett til havnen. Du kan hente bussbilletten hos byr\u00e5ene som holder til p\u00e5 Syntagma eller Kanigos. Det er mulighet for et stopp for ombordstigning p\u00e5 riksveien (Kaliftaki-stoppet), noe som er praktisk for reisende som er i de nordlige forstedene, men dette krever forh\u00e5ndsbekreftelse. Hvis du reiser med bil, kan du bestille billetter hos byr\u00e5ene p\u00e5 Ag. Konstantinos, og du kan hente billettene n\u00e5r du ankommer havnen.<\/p>\n<p>f2) Fra Mantoudi kan du reise med et skip som h\u00e5ndteres av ANES Ferries (http:\/\/www.anes.gr). Du kommer deg til Mantoudi med en buss fra Athen.<\/p>\n<p>f3) Fra Kimi kan du reise med et skip som h\u00e5ndteres av SNE Ferries (http:\/\/www.sne.gr).<\/p>\n<p>g)Hvis du skal reise fra Thessaloniki, er det tryggest \u00e5 ta b\u00e5t fra havnen i Volos. Det finnes daglige avreiser til alle Sporadene b\u00e5de i vinter-og og sommer m\u00e5nedene.<\/p>\n<p>Hvis du \u00f8nsker \u00e5 kj\u00f8re fra Thessaloniki til Volos og tilbake, kan du leie bil eller mini buss fra www.avis.gr . Etter avtale med selskapet kan du levere bilen til en av deres kontorer ved ankomststedet.<\/p>\n<p>h)Hvis du skal reise med tog til Volos eller Thessaloniki er det god ide \u00e5 ta kun Intercity togene.!! Det er kun disse togene som g\u00e5r direkte til reisem\u00e5let uten mellomstopping og ekstra billett p\u00e5leggelser.<\/p>\n<p>i)I l\u00f8pet av vinter m\u00e5nedene er b\u00e5t forbindelsene fra Agios Konstantinos til Sporadene ikke i bruk. Hvis du har lyst \u00e5 reise til Sporadene med bil du m\u00e5 komme fram til Volos for \u00e5 ta b\u00e5ten der i fra. Videre, blir reise rutene for hurtig b\u00e5tene fra Agios Konstantinos redusert til 2-3 reise avganger per uke.<\/p>\n<p><strong>Hvordan komme seg hit fra andre land<\/strong><\/p>\n<p>a) Charterfly til Skiathos, taxi til Skiathos-havnen (5 min.) og b\u00e5t eller hydrofoilb\u00e5t til \u00f8ya Skopelos \u2013 Alonissos.<\/p>\n<p>b) Charterfly eller rutefly til Athen \u2013 Innenlandsfly til Skiathos flyplass (35 min.) \u2013 Taxi fra flyplassen til Skiathos-havnen (5 min.) \u2013 Hydrofoilb\u00e5t til Glossa-havnen (20 min.) eller Skopelos (opptil 45 min.).<\/p>\n<p>c) Charterfly eller rutefly til Athen flyplass \u2013 taxi til Akadimias St. 97 ved Alkyon Travels kontorer. Kontorene til Minoan Lines ligger ogs\u00e5 der, og en turistbuss har en avgang som passer med en hydrofoilb\u00e5t fra havnen i Agios Konstantinos. \u2013 B\u00e5t eller hydrofoilb\u00e5t til \u00f8ya Skiathos \u2013 Skopelos \u2013 Alonissos.<\/p>\n<p>d) Charterfly eller rutefly til Thessaloniki \u2013 buss eller taxi til Thessaloniki-havnen \u2013 B\u00e5t eller hydrofoilb\u00e5t til Skiathos \u2013 Skopelos-havnen.<\/p>\n<p>e) Charterfly eller rutefly til Thessaloniki \u2013 buss eller tog til Volos-havnen \u2013 B\u00e5t eller hydrofoilb\u00e5t til Skiathos \u2013 Skopelos-havnen.<\/p>\n<p>f) Med leiebil via Italia (til Patras eller Igoumenitsa) \u2013 over det greske fastlandet til havnen i Agios Konstantinos \u2013 B\u00e5t eller hydrofoilb\u00e5t til Skiathos \u2013 Skopelos \u2013 Alonissos-havnen.<\/p>\n<p><strong>HVORDAN DU SKAL KOMME FRA INNLANDET:<\/strong><\/p>\n<p>a)Fra Athen til Skiathos med fly er den dyreste l\u00f8sningen men reisen varer kun 35-40 minutter. Fra Skiathos havn som ligger kun 5 minutter bort fra flyplassen med drosje, kan du ta b\u00e5t eller hurtigb\u00e5t til Glossa-Skopelos-Alonnisos.<\/p>\n<p>b)Fra Athen til Agios Kosntantinos : du kan ta buss eller drosje til Alkyon Travel , Akadimias 97, Plateia Kanigkos. Du kan ta bussen der i fra til Agios Konstantinos og deretter hurtigb\u00e5t eller vanlig b\u00e5t til Sporadene.<\/p>\n<p>c)Fra Athen til Volos med bil ( 3t. og 30 min.) eller \u039a\u03a4\u0395\u039b (KTEL) \/gresk offentig bus transport (4t. og 30 min.). N\u00e5r du kommer fram tar du hurtigb\u00e5t eller vanlig b\u00e5ter til Sporade \u00f8yene<\/p>\n<p>e)Fra Thessaloniki til Volos med tog eller \u039a\u03a4\u0395\u039b (3 timer)- forbindelser med hurtigb\u00e5t og vanlig b\u00e5t til Sporade \u00f8yene.<\/p>\n<p>f)Fra Thessaloniki havn (kun juni- mid september). Sjekk om b\u00e5ten fra Thessaloniki til Sporade \u00f8yene g\u00e5r n\u00e5r du skal reise, siden disse rutene g\u00e5r ikke bestandig hvert \u00e5r.<\/p>\n<p>For videre informasjon vises det til nettside<\/p>\n<p>www.skopelos.com[\/vc_toggle]<div style=\"background-color:;height: 35px\" class=\"nicdark_section  \"><\/div>[\/vc_column][vc_column width=&#8221;1\/3&#8243;][vc_single_image image=&#8221;16373&#8243; img_size=&#8221;medium&#8221; alignment=&#8221;center&#8221; onclick=&#8221;custom_link&#8221; link=&#8221;https:\/\/skopeloshotels-adrinaresort.reserve-online.net&#8221;]<div style=\"background-color:;height: 40px\" class=\"nicdark_section  \"><\/div>[\/vc_column][\/vc_row][vc_row full_width=&#8221;stretch_row_content&#8221;][vc_column offset=&#8221;vc_hidden-lg&#8221; css=&#8221;.vc_custom_1609750836761{padding-right: 5px !important;padding-left: 5px !important;}&#8221;][vc_raw_html]JTVCcGFubyUyMGZpbGUlM0QlMjJodHRwcyUzQSUyRiUyRmFkcmluYXJlc29ydC5jb20lMkYzNjAlMkZBZHJpbmFfUmVzb3J0Lmh0bWwlM0ZzJTNEcGFubzEwJTI2c2tpcGludHJvJTNEdHJ1ZSUyMiUyMHdpZHRoJTNEJTIyMTAwJTI1JTIyJTIwaGVpZ2h0JTNEJTIyNTAwcHglMjIlNUQ=[\/vc_raw_html]<div style=\"background-color:;height: 25px\" class=\"nicdark_section  \"><\/div>[\/vc_column][\/vc_row][vc_row css_animation=&#8221;fadeInUp&#8221;][vc_column width=&#8221;2\/3&#8243; offset=&#8221;vc_col-sm-offset-0&#8243;][vc_row_inner][vc_column_inner offset=&#8221;vc_hidden-md vc_hidden-sm vc_hidden-xs&#8221;][vc_raw_html]JTVCcGFubyUyMGZpbGUlM0QlMjJodHRwcyUzQSUyRiUyRmFkcmluYXJlc29ydC5jb20lMkYzNjAlMkZBZHJpbmFfUmVzb3J0Lmh0bWwlM0ZzJTNEcGFubzEwJTI2c2tpcGludHJvJTNEdHJ1ZSUyMiUyMHdpZHRoJTNEJTIyMTAwJTI1JTIyJTIwaGVpZ2h0JTNEJTIyNTAwcHglMjIlNUQ=[\/vc_raw_html][\/vc_column_inner][\/vc_row_inner][\/vc_column][vc_column width=&#8221;1\/3&#8243;][vc_row_inner][vc_column_inner]<div style=\"background-color:;height: 20px\" class=\"nicdark_section  \"><\/div> <h5 style=\"color:#7f7f7f;padding:px;text-align:center;font-size:12px;line-height:12px;letter-spacing: 2px;font-weight:lighter\" class=\"   nd_options_second_font \">CONTACT<\/h5> <div style=\"background-color:;height: 10px\" class=\"nicdark_section  \"><\/div> <h2 style=\"color:#7f7f7f;padding:px;text-align:center;font-size:25px;line-height:25px;letter-spacing: px;font-weight:normal\" class=\"   nd_options_first_font \">Get In Touch<\/h2> <div style=\"background-color:;height: 20px\" class=\"nicdark_section  \"><\/div>[\/vc_column_inner][\/vc_row_inner][vc_row_inner][vc_column_inner offset=&#8221;vc_col-sm-offset-0&#8243;][vc_acf field_group=&#8221;5314&#8243; field_from_5314=&#8221;field_5fdf374caadf3&#8243; field_from_2263=&#8221;field_5fccad849934f&#8221;][\/vc_column_inner][\/vc_row_inner][\/vc_column][\/vc_row][vc_row][vc_column]<div style=\"background-color:;height: 40px\" class=\"nicdark_section  \"><\/div>[\/vc_column][\/vc_row]<\/p>\n","protected":false},"excerpt":{"rendered":"<p>[vc_row][vc_column][\/vc_column][\/vc_row][vc_row css_animation=&#8221;fadeInUp&#8221;][vc_column width=&#8221;2\/3&#8243;][vc_row_inner][vc_column_inner][vc_column_text] TRANSPORT [\/vc_column_text][vc_column_text]HVORDAN FINNER DU FRAM TIL ADRINA BEACH HOTEL[\/vc_column_text][\/vc_column_inner][\/vc_row_inner][vc_row_inner][vc_column_inner css=&#8221;.vc_custom_1607330987558{padding-top: 30px !important;padding-right: 30px !important;padding-bottom: 15px !important;padding-left: 30px !important;background-color: #ffffff !important;}&#8221; offset=&#8221;vc_col-xs-12&#8243;][vc_column_text el_class=&#8221;hotel-text&#8221;]HVORDAN DU KAN KOMME TIL \u00d8YA SKOPELOS- INFORMASJON- TRANSPORT Gode reise tips a)Alle sj\u00f8farts selskap publiserer informasjon ang\u00e5ende reise ruter til Skopelos etter den 1.mai hvert \u00e5r men de blir ikke [&hellip;]<\/p>\n","protected":false},"author":1,"featured_media":0,"parent":0,"menu_order":0,"comment_status":"closed","ping_status":"closed","template":"","meta":[],"_links":{"self":[{"href":"https:\/\/adrinaresort.com\/no\/wp-json\/wp\/v2\/pages\/4350"}],"collection":[{"href":"https:\/\/adrinaresort.com\/no\/wp-json\/wp\/v2\/pages"}],"about":[{"href":"https:\/\/adrinaresort.com\/no\/wp-json\/wp\/v2\/types\/page"}],"author":[{"embeddable":true,"href":"https:\/\/adrinaresort.com\/no\/wp-json\/wp\/v2\/users\/1"}],"replies":[{"embeddable":true,"href":"https:\/\/adrinaresort.com\/no\/wp-json\/wp\/v2\/comments?post=4350"}],"version-history":[{"count":0,"href":"https:\/\/adrinaresort.com\/no\/wp-json\/wp\/v2\/pages\/4350\/revisions"}],"wp:attachment":[{"href":"https:\/\/adrinaresort.com\/no\/wp-json\/wp\/v2\/media?parent=4350"}],"curies":[{"name":"wp","href":"https:\/\/api.w.org\/{rel}","templated":true}]}}