{"id":4709,"date":"2020-12-15T15:06:22","date_gmt":"2020-12-15T13:06:22","guid":{"rendered":"https:\/\/adrinaresort.com\/skopelos-hotels-adrina-resort-spa-lunch-restaurant\/"},"modified":"2021-02-06T19:46:36","modified_gmt":"2021-02-06T17:46:36","slug":"skopelos-hotels-adrina-resort-spa-restaurant-dejeuner-beach-front","status":"publish","type":"page","link":"https:\/\/adrinaresort.com\/fr\/skopelos-hotels-adrina-resort-spa-restaurant-dejeuner-beach-front\/","title":{"rendered":"ADRINA RESORT &#038; SPA RESTAURANT D\u00c9JEUNER BEACH-FRONT"},"content":{"rendered":"<p>[vc_row][vc_column]\n\t\t\t<!-- START ADRINA RESORT LUNCH RESTAURANT REVOLUTION SLIDER 6.2.23 --><p class=\"rs-p-wp-fix\"><\/p>\n\t\t\t<rs-module-wrap id=\"rev_slider_42_1_wrapper\" data-source=\"gallery\" style=\"background:transparent;padding:0;margin:0px auto;margin-top:0;margin-bottom:0;\">\n\t\t\t\t<rs-module id=\"rev_slider_42_1\" style=\"\" data-version=\"6.2.23\">\n\t\t\t\t\t<rs-slides>\n\t\t\t\t\t\t<rs-slide data-key=\"rs-214\" data-thumb=\"\/\/adrinaresort.com\/wp-content\/uploads\/facilities\/ar_lunch_restaurant\/skopelos-restaurants-adrina-resort-lunch-restaurant-03-100x50.jpg\" data-anim=\"ei:d;eo:d;s:800;r:0;t:fade;sl:d;\">\n\t\t\t\t\t\t\t<img src=\"\/\/adrinaresort.com\/wp-content\/uploads\/facilities\/ar_lunch_restaurant\/skopelos-restaurants-adrina-resort-lunch-restaurant-03.jpg\" alt=\"skopelos restaurants adrina resort lunch restaurant 03\" title=\"skopelos restaurants adrina resort lunch restaurant 03\" width=\"1618\" height=\"1080\" data-parallax=\"8\" class=\"rev-slidebg\" data-no-retina>\n<!---->\t\t\t\t\t\t<\/rs-slide>\n\t\t\t\t\t\t<rs-slide data-key=\"rs-405\" data-thumb=\"\/\/adrinaresort.com\/wp-content\/uploads\/facilities\/ar_lunch_restaurant\/skopelos-restaurants-adrina-resort-lunch-restaurant-01-100x50.jpg\" data-anim=\"ei:d;eo:d;s:800;r:0;t:fade;sl:d;\">\n\t\t\t\t\t\t\t<img src=\"\/\/adrinaresort.com\/wp-content\/uploads\/facilities\/ar_lunch_restaurant\/skopelos-restaurants-adrina-resort-lunch-restaurant-01.jpg\" alt=\"skopelos restaurants adrina resort lunch restaurant 01\" title=\"skopelos restaurants adrina resort lunch restaurant 01\" width=\"1618\" height=\"1080\" data-parallax=\"8\" class=\"rev-slidebg\" data-no-retina>\n<!---->\t\t\t\t\t\t<\/rs-slide>\n\t\t\t\t\t\t<rs-slide data-key=\"rs-213\" data-thumb=\"\/\/adrinaresort.com\/wp-content\/uploads\/facilities\/ar_lunch_restaurant\/skopelos-restaurants-adrina-resort-lunch-restaurant-6-100x50.jpg\" data-anim=\"ei:d;eo:d;s:800;r:0;t:fade;sl:d;\">\n\t\t\t\t\t\t\t<img src=\"\/\/adrinaresort.com\/wp-content\/uploads\/facilities\/ar_lunch_restaurant\/skopelos-restaurants-adrina-resort-lunch-restaurant-6.jpg\" alt=\"skopelos restaurants adrina resort lunch restaurant 6\" title=\"skopelos restaurants adrina resort lunch restaurant 6\" width=\"1618\" height=\"1080\" data-parallax=\"8\" class=\"rev-slidebg\" data-no-retina>\n<!---->\t\t\t\t\t\t<\/rs-slide>\n\t\t\t\t\t\t<rs-slide data-key=\"rs-205\" data-thumb=\"\/\/adrinaresort.com\/wp-content\/uploads\/facilities\/ar_lunch_restaurant\/skopelos-restaurants-adrina-resort-lunch-restaurant-9-100x50.jpg\" data-anim=\"ei:d;eo:d;s:800;r:0;t:fade;sl:d;\">\n\t\t\t\t\t\t\t<img src=\"\/\/adrinaresort.com\/wp-content\/uploads\/facilities\/ar_lunch_restaurant\/skopelos-restaurants-adrina-resort-lunch-restaurant-9.jpg\" alt=\"skopelos restaurants adrina resort lunch restaurant 9\" title=\"skopelos restaurants adrina resort lunch restaurant 9\" width=\"1914\" height=\"1080\" data-parallax=\"8\" class=\"rev-slidebg\" data-no-retina>\n<!---->\t\t\t\t\t\t<\/rs-slide>\n\t\t\t\t\t<\/rs-slides>\n\t\t\t\t\t<rs-static-layers><!--\n\n\t\t\t\t\t\t\t--><rs-layer\n\t\t\t\t\t\t\t\tid=\"slider-42-slide-39-layer-0\" \n\t\t\t\t\t\t\t\tclass=\"rev-scroll-btn rev-b-span-light rs-layer-static\"\n\t\t\t\t\t\t\t\tdata-type=\"button\"\n\t\t\t\t\t\t\t\tdata-xy=\"x:c;yo:691px,661px,870px,602px;\"\n\t\t\t\t\t\t\t\tdata-text=\"w:normal;s:17,14,10,9;l:20,16,12,10;ls:1,0,0,0;\"\n\t\t\t\t\t\t\t\tdata-dim=\"w:35px,28px,21px,15px;h:55px,45px,34px,28px;minw:35px,none,none,none;minh:55px,none,none,none;\"\n\t\t\t\t\t\t\t\tdata-actions='o:click;a:scrollbelow;sp:1000ms;e:power1.inOut;'\n\t\t\t\t\t\t\t\tdata-rsp_bd=\"off\"\n\t\t\t\t\t\t\t\tdata-onslides=\"s:1;\"\n\t\t\t\t\t\t\t\tdata-padding=\"t:22,18,14,13;r:14,12,9,9;b:22,18,14,13;l:14,12,9,9;\"\n\t\t\t\t\t\t\t\tdata-border=\"bos:solid;boc:rgba(255,255,255,0.75);bow:3px,3px,3px,3px;bor:23px,23px,23px,23px;\"\n\t\t\t\t\t\t\t\tdata-frame_0=\"x:0,0,0,0px;y:0,0,0,0px;\"\n\t\t\t\t\t\t\t\tdata-frame_1=\"x:0,0,0,0px;y:0,0,0,0px;\"\n\t\t\t\t\t\t\t\tdata-frame_999=\"o:0;st:w;\"\n\t\t\t\t\t\t\t\tstyle=\"z-index:5;font-family:Roboto;text-transform:uppercase;\"\n\t\t\t\t\t\t\t><span><\/span><span><\/span><span><\/span> \n\t\t\t\t\t\t\t<\/rs-layer><!--\n\t\t\t\t\t--><\/rs-static-layers>\n\t\t\t\t<\/rs-module>\n\t\t\t\t<script type=\"text\/javascript\">\n\t\t\t\t\tsetREVStartSize({c: 'rev_slider_42_1',rl:[1240,1024,778,480],el:[800,768,960,720],gw:[1240,1024,778,480],gh:[800,768,960,720],type:'standard',justify:'',layout:'fullwidth',mh:\"0\"});\n\t\t\t\t\tvar\trevapi42,\n\t\t\t\t\t\ttpj;\n\t\t\t\t\tfunction revinit_revslider421() {\n\t\t\t\t\tjQuery(function() {\n\t\t\t\t\t\ttpj = jQuery;\n\t\t\t\t\t\trevapi42 = tpj(\"#rev_slider_42_1\");\n\t\t\t\t\t\tif(revapi42==undefined || revapi42.revolution == undefined){\n\t\t\t\t\t\t\trevslider_showDoubleJqueryError(\"rev_slider_42_1\");\n\t\t\t\t\t\t}else{\n\t\t\t\t\t\t\trevapi42.revolution({\n\t\t\t\t\t\t\t\tsliderLayout:\"fullwidth\",\n\t\t\t\t\t\t\t\tvisibilityLevels:\"1240,1024,778,480\",\n\t\t\t\t\t\t\t\tgridwidth:\"1240,1024,778,480\",\n\t\t\t\t\t\t\t\tgridheight:\"800,768,960,720\",\n\t\t\t\t\t\t\t\tspinner:\"spinner3\",\n\t\t\t\t\t\t\t\tperspective:600,\n\t\t\t\t\t\t\t\tperspectiveType:\"local\",\n\t\t\t\t\t\t\t\teditorheight:\"800,768,960,720\",\n\t\t\t\t\t\t\t\tresponsiveLevels:\"1240,1024,778,480\",\n\t\t\t\t\t\t\t\tprogressBar:{disableProgressBar:true},\n\t\t\t\t\t\t\t\tnavigation: {\n\t\t\t\t\t\t\t\t\tkeyboardNavigation:true,\n\t\t\t\t\t\t\t\t\tonHoverStop:false,\n\t\t\t\t\t\t\t\t\ttouch: {\n\t\t\t\t\t\t\t\t\t\ttouchenabled:true,\n\t\t\t\t\t\t\t\t\t\ttouchOnDesktop:true\n\t\t\t\t\t\t\t\t\t},\n\t\t\t\t\t\t\t\t\tarrows: {\n\t\t\t\t\t\t\t\t\t\tenable:true,\n\t\t\t\t\t\t\t\t\t\tstyle:\"uranus\",\n\t\t\t\t\t\t\t\t\t\tleft: {\n\n\t\t\t\t\t\t\t\t\t\t},\n\t\t\t\t\t\t\t\t\t\tright: {\n\n\t\t\t\t\t\t\t\t\t\t}\n\t\t\t\t\t\t\t\t\t},\n\t\t\t\t\t\t\t\t\tbullets: {\n\t\t\t\t\t\t\t\t\t\tenable:true,\n\t\t\t\t\t\t\t\t\t\ttmp:\"\",\n\t\t\t\t\t\t\t\t\t\tstyle:\"bullet-bar\",\n\t\t\t\t\t\t\t\t\t\tv_offset:30\n\t\t\t\t\t\t\t\t\t}\n\t\t\t\t\t\t\t\t},\n\t\t\t\t\t\t\t\tparallax: {\n\t\t\t\t\t\t\t\t\tlevels:[5,10,15,20,25,30,35,40,45,46,47,48,49,50,51,55],\n\t\t\t\t\t\t\t\t\ttype:\"scroll\",\n\t\t\t\t\t\t\t\t\torigo:\"slidercenter\"\n\t\t\t\t\t\t\t\t},\n\t\t\t\t\t\t\t\tfallbacks: {\n\t\t\t\t\t\t\t\t\tallowHTML5AutoPlayOnAndroid:true\n\t\t\t\t\t\t\t\t},\n\t\t\t\t\t\t\t});\n\t\t\t\t\t\t\tvar ua = window.navigator.userAgent;\nvar msie = ua.indexOf(\"MSIE \");\n\nif(msie > 0 || !!navigator.userAgent.match(\/Trident.*rv\\:11\\.\/) || ('CSS' in window && 'supports' in window.CSS && !window.CSS.supports('mix-blend-mode', 'screen'))) {\n \n var bgColor = 'rgba(245, 245, 245, 0.5)';\n \/\/jQuery('.rev_slider .rs-layer[data-blendmode]').removeAttr('data-blendmode').css('background', bgColor);\n jQuery('.rev_slider .rs-layer[data-blendmode]').remove();\n}\n\t\t\t\t\t\t}\n\t\t\t\t\t\t\n\t\t\t\t\t});\n\t\t\t\t\t} \/\/ End of RevInitScript\n\t\t\t\tvar once_revslider421 = false;\n\t\t\t\tif (document.readyState === \"loading\") {document.addEventListener('readystatechange',function() { if((document.readyState === \"interactive\" || document.readyState === \"complete\") && !once_revslider421 ) { once_revslider421 = true; revinit_revslider421();}});} else {once_revslider421 = true; revinit_revslider421();}\n\t\t\t\t<\/script>\n\t\t\t\t<script>\n\t\t\t\t\tvar htmlDivCss = '\t#rev_slider_42_1_wrapper rs-loader.spinner3 div { background-color: #FFFFFF !important; } ';\n\t\t\t\t\tvar htmlDiv = document.getElementById('rs-plugin-settings-inline-css');\n\t\t\t\t\tif(htmlDiv) {\n\t\t\t\t\t\thtmlDiv.innerHTML = htmlDiv.innerHTML + htmlDivCss;\n\t\t\t\t\t}else{\n\t\t\t\t\t\tvar htmlDiv = document.createElement('div');\n\t\t\t\t\t\thtmlDiv.innerHTML = '<style>' + htmlDivCss + '<\/style>';\n\t\t\t\t\t\tdocument.getElementsByTagName('head')[0].appendChild(htmlDiv.childNodes[0]);\n\t\t\t\t\t}\n\t\t\t\t<\/script>\n\t\t\t\t<script>\n\t\t\t\t\tvar htmlDivCss = unescape(\"%23rev_slider_42_1_wrapper%20.uranus.tparrows%20%7B%0A%20%20width%3A50px%3B%0A%20%20height%3A50px%3B%0A%20%20background%3Argba%28255%2C255%2C255%2C0%29%3B%0A%20%7D%0A%20%23rev_slider_42_1_wrapper%20.uranus.tparrows%3Abefore%20%7B%0A%20width%3A50px%3B%0A%20height%3A50px%3B%0A%20line-height%3A50px%3B%0A%20font-size%3A40px%3B%0A%20transition%3Aall%200.3s%3B%0A-webkit-transition%3Aall%200.3s%3B%0A%20%7D%0A%20%0A%20%20%23rev_slider_42_1_wrapper%20.uranus.tparrows%3Ahover%3Abefore%20%7B%0A%20%20%20%20opacity%3A0.75%3B%0A%20%20%7D%0A.bullet-bar.tp-bullets%20%7B%0A%7D%0A.bullet-bar.tp-bullets%3Abefore%20%7B%0A%09content%3A%22%20%22%3B%0A%09position%3Aabsolute%3B%0A%09width%3A100%25%3B%0A%09height%3A100%25%3B%0A%09background%3Atransparent%3B%0A%09padding%3A10px%3B%0A%09margin-left%3A-10px%3Bmargin-top%3A-10px%3B%0A%09box-sizing%3Acontent-box%3B%0A%7D%0A.bullet-bar%20.tp-bullet%20%7B%0A%09width%3A60px%3B%0A%09height%3A3px%3B%0A%09position%3Aabsolute%3B%0A%09background%3A%23aaa%3B%0A%20%20%20%20background%3Argba%28204%2C204%2C204%2C0.5%29%3B%0A%09cursor%3A%20pointer%3B%0A%09box-sizing%3Acontent-box%3B%0A%7D%0A.bullet-bar%20.tp-bullet%3Ahover%2C%0A.bullet-bar%20.tp-bullet.selected%20%7B%0A%09%20background%3Argba%28204%2C204%2C204%2C1%29%3B%0A%7D%0A.bullet-bar%20.tp-bullet-image%20%7B%0A%7D%0A.bullet-bar%20.tp-bullet-title%20%7B%0A%7D%0A%0A\");\n\t\t\t\t\tvar htmlDiv = document.getElementById('rs-plugin-settings-inline-css');\n\t\t\t\t\tif(htmlDiv) {\n\t\t\t\t\t\thtmlDiv.innerHTML = htmlDiv.innerHTML + htmlDivCss;\n\t\t\t\t\t}else{\n\t\t\t\t\t\tvar htmlDiv = document.createElement('div');\n\t\t\t\t\t\thtmlDiv.innerHTML = '<style>' + htmlDivCss + '<\/style>';\n\t\t\t\t\t\tdocument.getElementsByTagName('head')[0].appendChild(htmlDiv.childNodes[0]);\n\t\t\t\t\t}\n\t\t\t\t<\/script>\n\t\t\t\t<script>\n\t\t\t\t\tvar htmlDivCss = unescape(\"%0A%0A%0A%0A%0A%0A%0A%0A\");\n\t\t\t\t\tvar htmlDiv = document.getElementById('rs-plugin-settings-inline-css');\n\t\t\t\t\tif(htmlDiv) {\n\t\t\t\t\t\thtmlDiv.innerHTML = htmlDiv.innerHTML + htmlDivCss;\n\t\t\t\t\t}else{\n\t\t\t\t\t\tvar htmlDiv = document.createElement('div');\n\t\t\t\t\t\thtmlDiv.innerHTML = '<style>' + htmlDivCss + '<\/style>';\n\t\t\t\t\t\tdocument.getElementsByTagName('head')[0].appendChild(htmlDiv.childNodes[0]);\n\t\t\t\t\t}\n\t\t\t\t<\/script>\n\t\t\t<\/rs-module-wrap>\n\t\t\t<!-- END REVOLUTION SLIDER -->\n<div style=\"background-color:;height: 25px\" class=\"nicdark_section  \"><\/div>[\/vc_column][\/vc_row][vc_row css_animation=&#8221;fadeInUp&#8221;][vc_column width=&#8221;2\/3&#8243;][vc_row_inner][vc_column_inner][vc_column_text]<\/p>\n<h1><strong>ADRINA RESORT &amp; SPA RESTAURANT D\u00c9JEUNER BEACH-FRONT<\/strong><\/h1>\n<div id=\"gtx-trans\" style=\"position: absolute; left: 135px; top: -10px;\">\n<div class=\"gtx-trans-icon\"><\/div>\n<\/div>\n<p>[\/vc_column_text]<div style=\"background-color:;height: 25px\" class=\"nicdark_section  \"><\/div>[vc_column_text]<strong>&#8220;Nero&#8221;<\/strong><\/p>\n<p><strong>Situ\u00e9 \u00e0 quelques m\u00e8tres seulement au-dessus de la plage Adrina Resort. Ouvert pour le d\u00e9jeuner.<\/strong>[\/vc_column_text][\/vc_column_inner][\/vc_row_inner][vc_row_inner][vc_column_inner css=&#8221;.vc_custom_1607330987558{padding-top: 30px !important;padding-right: 30px !important;padding-bottom: 15px !important;padding-left: 30px !important;background-color: #ffffff !important;}&#8221; offset=&#8221;vc_col-xs-12&#8243;][vc_column_text el_class=&#8221;hotel-text&#8221;]Ce restaurant c\u00e9l\u00e8bre est consid\u00e9r\u00e9 comme un paradis des gourmets o\u00f9 vous pourrez d\u00e9guster des plats imaginatifs, uniques, bas\u00e9 sur des recettes traditionnelles cr\u00e9\u00e9es par le chef d\u2019Adrina Resort et des plats authentiques m\u00e9diterran\u00e9ens.[\/vc_column_text][\/vc_column_inner][\/vc_row_inner]<div style=\"background-color:;height: 20px\" class=\"nicdark_section  \"><\/div>[vc_toggle title=&#8221;LIRE PLUS&#8221;]La plupart des plats sont bas\u00e9s sur des produits frais, viandes et poissons de la r\u00e9gion et sont pr\u00e9par\u00e9s avec de l\u2019 huile d\u2019olive vierge suppl\u00e9mentaire.<\/p>\n<p>Les vues excellentes combin\u00e9es avec des saveurs divines garantissent un d\u00e9lice culinaire.<\/p>\n<p>L\u2019h\u00f4tel accueille et organise des r\u00e9ceptions, d\u00eeners priv\u00e9s, f\u00eates et \u00e9v\u00e9nements.[\/vc_toggle]<div style=\"background-color:;height: 35px\" class=\"nicdark_section  \"><\/div>[\/vc_column][vc_column width=&#8221;1\/3&#8243;][vc_single_image image=&#8221;16369&#8243; img_size=&#8221;medium&#8221; alignment=&#8221;center&#8221; onclick=&#8221;custom_link&#8221; link=&#8221;https:\/\/skopeloshotels-adrinaresort.reserve-online.net&#8221;]<div style=\"background-color:;height: 40px\" class=\"nicdark_section  \"><\/div>[\/vc_column][\/vc_row][vc_row full_width=&#8221;stretch_row_content&#8221;][vc_column offset=&#8221;vc_hidden-lg&#8221; css=&#8221;.vc_custom_1609750836761{padding-right: 5px !important;padding-left: 5px !important;}&#8221;][vc_raw_html]JTVCcGFubyUyMGZpbGUlM0QlMjJodHRwcyUzQSUyRiUyRmFkcmluYXJlc29ydC5jb20lMkYzNjAlMkZBZHJpbmFfUmVzb3J0Lmh0bWwlM0ZzJTNEcGFubzQwNDMlMjZza2lwaW50cm8lM0R0cnVlJTIyJTIwd2lkdGglM0QlMjIxMDAlMjUlMjIlMjBoZWlnaHQlM0QlMjI1MDBweCUyMiU1RA==[\/vc_raw_html]<div style=\"background-color:;height: 25px\" class=\"nicdark_section  \"><\/div>[\/vc_column][\/vc_row][vc_row css_animation=&#8221;fadeInUp&#8221;][vc_column width=&#8221;2\/3&#8243; offset=&#8221;vc_col-sm-offset-0&#8243;][vc_row_inner][vc_column_inner offset=&#8221;vc_hidden-md vc_hidden-sm vc_hidden-xs&#8221;][vc_raw_html]JTVCcGFubyUyMGZpbGUlM0QlMjJodHRwcyUzQSUyRiUyRmFkcmluYXJlc29ydC5jb20lMkYzNjAlMkZBZHJpbmFfUmVzb3J0Lmh0bWwlM0ZzJTNEcGFubzQwNDMlMjZza2lwaW50cm8lM0R0cnVlJTIyJTIwd2lkdGglM0QlMjIxMDAlMjUlMjIlMjBoZWlnaHQlM0QlMjI1MDBweCUyMiU1RA==[\/vc_raw_html][\/vc_column_inner][\/vc_row_inner][\/vc_column][vc_column width=&#8221;1\/3&#8243;][vc_row_inner][vc_column_inner]<div style=\"background-color:;height: 20px\" class=\"nicdark_section  \"><\/div> <h5 style=\"color:#7f7f7f;padding:px;text-align:center;font-size:12px;line-height:12px;letter-spacing: 2px;font-weight:lighter\" class=\"   nd_options_second_font \">CONTACT<\/h5> <div style=\"background-color:;height: 10px\" class=\"nicdark_section  \"><\/div> <h2 style=\"color:#7f7f7f;padding:px;text-align:center;font-size:25px;line-height:25px;letter-spacing: px;font-weight:normal\" class=\"   nd_options_first_font \">Get In Touch<\/h2> <div style=\"background-color:;height: 20px\" class=\"nicdark_section  \"><\/div>[\/vc_column_inner][\/vc_row_inner][vc_row_inner][vc_column_inner offset=&#8221;vc_col-sm-offset-0&#8243;][vc_acf field_group=&#8221;5175&#8243; field_from_5175=&#8221;field_5fdf30afae0d5&#8243; field_from_2263=&#8221;field_5fccad849934f&#8221;][\/vc_column_inner][\/vc_row_inner][\/vc_column][\/vc_row][vc_row][vc_column]<div style=\"background-color:;height: 40px\" class=\"nicdark_section  \"><\/div>[\/vc_column][\/vc_row]<\/p>\n","protected":false},"excerpt":{"rendered":"<p>[vc_row][vc_column][\/vc_column][\/vc_row][vc_row css_animation=&#8221;fadeInUp&#8221;][vc_column width=&#8221;2\/3&#8243;][vc_row_inner][vc_column_inner][vc_column_text] ADRINA RESORT &amp; SPA RESTAURANT D\u00c9JEUNER BEACH-FRONT [\/vc_column_text][vc_column_text]&#8220;Nero&#8221; Situ\u00e9 \u00e0 quelques m\u00e8tres seulement au-dessus de la plage Adrina Resort. Ouvert pour le d\u00e9jeuner.[\/vc_column_text][\/vc_column_inner][\/vc_row_inner][vc_row_inner][vc_column_inner css=&#8221;.vc_custom_1607330987558{padding-top: 30px !important;padding-right: 30px !important;padding-bottom: 15px !important;padding-left: 30px !important;background-color: #ffffff !important;}&#8221; offset=&#8221;vc_col-xs-12&#8243;][vc_column_text el_class=&#8221;hotel-text&#8221;]Ce restaurant c\u00e9l\u00e8bre est consid\u00e9r\u00e9 comme un paradis des gourmets o\u00f9 vous pourrez d\u00e9guster des plats imaginatifs, [&hellip;]<\/p>\n","protected":false},"author":1,"featured_media":0,"parent":0,"menu_order":0,"comment_status":"closed","ping_status":"closed","template":"","meta":[],"_links":{"self":[{"href":"https:\/\/adrinaresort.com\/fr\/wp-json\/wp\/v2\/pages\/4709"}],"collection":[{"href":"https:\/\/adrinaresort.com\/fr\/wp-json\/wp\/v2\/pages"}],"about":[{"href":"https:\/\/adrinaresort.com\/fr\/wp-json\/wp\/v2\/types\/page"}],"author":[{"embeddable":true,"href":"https:\/\/adrinaresort.com\/fr\/wp-json\/wp\/v2\/users\/1"}],"replies":[{"embeddable":true,"href":"https:\/\/adrinaresort.com\/fr\/wp-json\/wp\/v2\/comments?post=4709"}],"version-history":[{"count":0,"href":"https:\/\/adrinaresort.com\/fr\/wp-json\/wp\/v2\/pages\/4709\/revisions"}],"wp:attachment":[{"href":"https:\/\/adrinaresort.com\/fr\/wp-json\/wp\/v2\/media?parent=4709"}],"curies":[{"name":"wp","href":"https:\/\/api.w.org\/{rel}","templated":true}]}}